{"id":1199,"date":"2025-02-25T18:18:13","date_gmt":"2025-02-25T18:18:13","guid":{"rendered":"https:\/\/cfop.ceide.unam.mx\/?page_id=1199"},"modified":"2025-02-25T19:03:55","modified_gmt":"2025-02-25T19:03:55","slug":"objetivos-rufd","status":"publish","type":"page","link":"https:\/\/cfop.ceide.unam.mx\/index.php\/objetivos-rufd\/","title":{"rendered":"objetivos-rufd"},"content":{"rendered":"<p>[et_pb_section fb_built=&#8221;1&#8243; admin_label=&#8221;Header &#038; Video&#8221; _builder_version=&#8221;4.25.2&#8243; _module_preset=&#8221;7ba1e206-e47b-4c5f-bbf0-593e783b681f&#8221; custom_margin=&#8221;||||false|false&#8221; locked=&#8221;off&#8221; collapsed=&#8221;on&#8221; global_colors_info=&#8221;{%22gcid-1f1bf5fb-a99d-4acc-8d9e-ddac074c158c%22:%91%22background_color_gradient_stops%22%93,%22gcid-a78660e1-cfc7-4771-a566-6834d6a7f06a%22:%91%22background_color_gradient_stops%22%93,%22gcid-24b0db87-dafa-47d9-995f-b90181e18c52%22:%91%22background_color_gradient_stops%22%93}&#8221;][et_pb_row _builder_version=&#8221;4.27.2&#8243; _module_preset=&#8221;default&#8221; hover_enabled=&#8221;0&#8243; global_colors_info=&#8221;{}&#8221; sticky_enabled=&#8221;0&#8243;][et_pb_column type=&#8221;4_4&#8243; _builder_version=&#8221;4.27.2&#8243; _module_preset=&#8221;default&#8221; background_color=&#8221;#072130&#8243; hover_enabled=&#8221;0&#8243; global_colors_info=&#8221;{}&#8221; sticky_enabled=&#8221;0&#8243;][et_pb_heading title=&#8221;Objetivos&#8221; _builder_version=&#8221;4.27.2&#8243; _module_preset=&#8221;9becf031-1b44-4b6a-8886-55c35e7ddee8&#8243; title_text_color=&#8221;#FFFFFF&#8221; custom_margin=&#8221;||10px||false|false&#8221; global_colors_info=&#8221;{}&#8221;][\/et_pb_heading][et_pb_text _builder_version=&#8221;4.27.2&#8243; _module_preset=&#8221;146c20eb-7724-4d37-9530-5fe429f2afee&#8221; hover_enabled=&#8221;0&#8243; text_font_size=&#8221;20px&#8221; sticky_enabled=&#8221;0&#8243;]<\/p>\n<ul>\n<li>Identificar iniciativas de formaci\u00f3n docente que se lleven a cabo en las entidades acad\u00e9micas y dependencias universitarias<\/li>\n<li>Fomentar el intercambio de pr\u00e1cticas y experiencias de formaci\u00f3n docente<\/li>\n<li>Formar v\u00ednculos de colaboraci\u00f3n entre las y los responsables de la formaci\u00f3n docente en las diferentes entidades acad\u00e9micas y dependencias universitarias<\/li>\n<li>Proponer pol\u00edticas y estrategias que contribuyan al desarrollo de los procesos de formaci\u00f3n del profesorado universitario<\/li>\n<li>Contribuir a la formaci\u00f3n y desarrollo de las y los responsables de las tareas formativas en las diversas entidades acad\u00e9micas y dependencias universitarias que fomenten la profesionalizaci\u00f3n e institucionalizaci\u00f3n de estas actividades<\/li>\n<li>Promover la creaci\u00f3n de productos acad\u00e9micos de y para la formaci\u00f3n docente<br \/>universitaria.<\/li>\n<\/ul>\n<p>[\/et_pb_text][\/et_pb_column][\/et_pb_row][\/et_pb_section][et_pb_section fb_built=&#8221;1&#8243; admin_label=&#8221;Call to Action&#8221; _builder_version=&#8221;4.25.1&#8243; _module_preset=&#8221;9d71ab66-c01e-49ac-8c3a-1dc7d0848561&#8243; locked=&#8221;off&#8221; collapsed=&#8221;on&#8221;][et_pb_row column_structure=&#8221;1_2,1_2&#8243; _builder_version=&#8221;4.27.2&#8243; _module_preset=&#8221;default&#8221; locked=&#8221;off&#8221; global_colors_info=&#8221;{}&#8221;][et_pb_column type=&#8221;1_2&#8243; _builder_version=&#8221;4.25.1&#8243; _module_preset=&#8221;default&#8221; global_colors_info=&#8221;{}&#8221;][et_pb_image src=&#8221;https:\/\/cfop.ceide.unam.mx\/wp-content\/uploads\/2025\/02\/IMG_4132-scaled.jpg&#8221; title_text=&#8221;IMG_4132&#8243; _builder_version=&#8221;4.27.2&#8243; _module_preset=&#8221;default&#8221; custom_margin=&#8221;||||false|false&#8221; border_radii=&#8221;on|30px|30px|30px|30px&#8221; global_colors_info=&#8221;{}&#8221;][\/et_pb_image][\/et_pb_column][et_pb_column type=&#8221;1_2&#8243; _builder_version=&#8221;4.25.1&#8243; _module_preset=&#8221;default&#8221; global_colors_info=&#8221;{}&#8221;][et_pb_image src=&#8221;https:\/\/cfop.ceide.unam.mx\/wp-content\/uploads\/2025\/02\/IMG_4109-scaled.jpg&#8221; title_text=&#8221;IMG_4109&#8243; _builder_version=&#8221;4.27.2&#8243; _module_preset=&#8221;default&#8221; custom_margin=&#8221;||||false|false&#8221; border_radii=&#8221;on|30px|30px|30px|30px&#8221; global_colors_info=&#8221;{}&#8221;][\/et_pb_image][\/et_pb_column][\/et_pb_row][\/et_pb_section]<\/p>\n","protected":false},"excerpt":{"rendered":"<p>Identificar iniciativas de formaci\u00f3n docente que se lleven a cabo en las entidades acad\u00e9micas y dependencias universitarias Fomentar el intercambio de pr\u00e1cticas y experiencias de formaci\u00f3n docente Formar v\u00ednculos de colaboraci\u00f3n entre las y los responsables de la formaci\u00f3n docente en las diferentes entidades acad\u00e9micas y dependencias universitarias Proponer pol\u00edticas y estrategias que contribuyan al [&hellip;]<\/p>\n","protected":false},"author":3,"featured_media":0,"parent":0,"menu_order":0,"comment_status":"closed","ping_status":"closed","template":"","meta":{"_et_pb_use_builder":"on","_et_pb_old_content":"<!-- wp:divi\/placeholder \/-->","_et_gb_content_width":"","footnotes":""},"class_list":["post-1199","page","type-page","status-publish","hentry"],"_links":{"self":[{"href":"https:\/\/cfop.ceide.unam.mx\/index.php\/wp-json\/wp\/v2\/pages\/1199","targetHints":{"allow":["GET"]}}],"collection":[{"href":"https:\/\/cfop.ceide.unam.mx\/index.php\/wp-json\/wp\/v2\/pages"}],"about":[{"href":"https:\/\/cfop.ceide.unam.mx\/index.php\/wp-json\/wp\/v2\/types\/page"}],"author":[{"embeddable":true,"href":"https:\/\/cfop.ceide.unam.mx\/index.php\/wp-json\/wp\/v2\/users\/3"}],"replies":[{"embeddable":true,"href":"https:\/\/cfop.ceide.unam.mx\/index.php\/wp-json\/wp\/v2\/comments?post=1199"}],"version-history":[{"count":5,"href":"https:\/\/cfop.ceide.unam.mx\/index.php\/wp-json\/wp\/v2\/pages\/1199\/revisions"}],"predecessor-version":[{"id":1219,"href":"https:\/\/cfop.ceide.unam.mx\/index.php\/wp-json\/wp\/v2\/pages\/1199\/revisions\/1219"}],"wp:attachment":[{"href":"https:\/\/cfop.ceide.unam.mx\/index.php\/wp-json\/wp\/v2\/media?parent=1199"}],"curies":[{"name":"wp","href":"https:\/\/api.w.org\/{rel}","templated":true}]}}