{"id":1671,"date":"2025-04-01T01:01:57","date_gmt":"2025-04-01T01:01:57","guid":{"rendered":"https:\/\/cfop.ceide.unam.mx\/?page_id=1671"},"modified":"2025-04-02T01:43:43","modified_gmt":"2025-04-02T01:43:43","slug":"momentos-formativos-profesorado","status":"publish","type":"page","link":"https:\/\/cfop.ceide.unam.mx\/index.php\/momentos-formativos-profesorado\/","title":{"rendered":"momentos-formativos-profesorado"},"content":{"rendered":"<p>[et_pb_section fb_built=&#8221;1&#8243; admin_label=&#8221;FAQ&#8221; _builder_version=&#8221;4.16&#8243; custom_padding=&#8221;90px|0px|90px|0px&#8221; hover_enabled=&#8221;0&#8243; global_colors_info=&#8221;{}&#8221; sticky_enabled=&#8221;0&#8243;][et_pb_row _builder_version=&#8221;4.27.2&#8243; background_size=&#8221;initial&#8221; background_position=&#8221;top_left&#8221; background_repeat=&#8221;repeat&#8221; custom_margin=&#8221;|auto|-115px|auto||&#8221; custom_padding=&#8221;45px|0px|45px|0px&#8221; custom_width_px=&#8221;710px&#8221; global_colors_info=&#8221;{}&#8221;][et_pb_column type=&#8221;4_4&#8243; _builder_version=&#8221;4.27.2&#8243; background_color=&#8221;#FFFFFF&#8221; background_position=&#8221;top_left&#8221; custom_padding=&#8221;|||&#8221; global_colors_info=&#8221;{}&#8221; custom_padding__hover=&#8221;|||&#8221;][et_pb_divider color=&#8221;#ca970b&#8221; divider_weight=&#8221;3px&#8221; disabled_on=&#8221;off|off|off&#8221; _builder_version=&#8221;4.27.2&#8243; background_color_gradient_direction=&#8221;90deg&#8221; max_width=&#8221;100px&#8221; module_alignment=&#8221;center&#8221; height=&#8221;5px&#8221; custom_margin=&#8221;||20px|&#8221; custom_padding=&#8221;||20px|&#8221; animation_direction=&#8221;bottom&#8221; saved_tabs=&#8221;all&#8221; locked=&#8221;off&#8221; global_colors_info=&#8221;{}&#8221;][\/et_pb_divider][et_pb_text admin_label=&#8221;FAQ Section Title&#8221; _builder_version=&#8221;4.27.2&#8243; header_font=&#8221;||||||||&#8221; header_text_color=&#8221;#283066&#8243; header_font_size=&#8221;50px&#8221; text_orientation=&#8221;center&#8221; max_width=&#8221;710px&#8221; module_alignment=&#8221;center&#8221; min_height=&#8221;14px&#8221; animation_direction=&#8221;bottom&#8221; global_colors_info=&#8221;{}&#8221;]<\/p>\n<h1>Momentos formativos del profesorado<\/h1>\n<p>[\/et_pb_text][et_pb_text admin_label=&#8221;FAQ Section Subtitle&#8221; _builder_version=&#8221;4.27.2&#8243; text_text_color=&#8221;#283066&#8243; text_font_size=&#8221;20px&#8221; text_line_height=&#8221;1.9em&#8221; background_size=&#8221;initial&#8221; background_position=&#8221;top_left&#8221; background_repeat=&#8221;repeat&#8221; text_orientation=&#8221;center&#8221; max_width=&#8221;710px&#8221; module_alignment=&#8221;center&#8221; animation_direction=&#8221;bottom&#8221; global_colors_info=&#8221;{}&#8221;]<\/p>\n<p><span style=\"font-weight: 400;\">La formaci\u00f3n del profesorado universitario se constituye de tres momentos: <\/span><\/p>\n<p>[\/et_pb_text][\/et_pb_column][\/et_pb_row][et_pb_row _builder_version=&#8221;4.16&#8243; _module_preset=&#8221;default&#8221; max_width=&#8221;540px&#8221; global_colors_info=&#8221;{}&#8221;][et_pb_column type=&#8221;4_4&#8243; _builder_version=&#8221;4.16&#8243; _module_preset=&#8221;default&#8221; global_colors_info=&#8221;{}&#8221;][et_pb_image src=&#8221;https:\/\/cfop.ceide.unam.mx\/wp-content\/uploads\/2025\/04\/Momentos-formativos-del-profesorado-CFOP.png&#8221; title_text=&#8221;Momentos formativos del profesorado-CFOP&#8221; _builder_version=&#8221;4.27.2&#8243; _module_preset=&#8221;default&#8221; custom_padding=&#8221;0px|||||&#8221; global_colors_info=&#8221;{}&#8221;][\/et_pb_image][\/et_pb_column][\/et_pb_row][et_pb_row _builder_version=&#8221;4.27.2&#8243; background_size=&#8221;initial&#8221; background_position=&#8221;top_left&#8221; background_repeat=&#8221;repeat&#8221; custom_padding=&#8221;40px|0px|40px|0px&#8221; global_colors_info=&#8221;{}&#8221;][et_pb_column type=&#8221;4_4&#8243; _builder_version=&#8221;4.16&#8243; custom_padding=&#8221;|||&#8221; global_colors_info=&#8221;{}&#8221; custom_padding__hover=&#8221;|||&#8221;][et_pb_text admin_label=&#8221;Question&#8221; _builder_version=&#8221;4.27.2&#8243; text_font_size=&#8221;20px&#8221; text_line_height=&#8221;1.9em&#8221; header_font=&#8221;|700|||||||&#8221; header_text_color=&#8221;#1f1f1f&#8221; header_font_size=&#8221;24px&#8221; header_line_height=&#8221;1.4em&#8221; background_size=&#8221;initial&#8221; background_position=&#8221;top_left&#8221; background_repeat=&#8221;repeat&#8221; max_width=&#8221;1079px&#8221; module_alignment=&#8221;left&#8221; animation_direction=&#8221;bottom&#8221; global_colors_info=&#8221;{}&#8221;]<\/p>\n<h2><strong>Formaci\u00f3n inicial o inserci\u00f3n a la docencia y conocimiento institucional<br \/><\/strong><\/h2>\n<p style=\"text-align: justify;\"><span style=\"font-weight: 400;\">Referido a la atracci\u00f3n y formaci\u00f3n del profesorado novel que se inicia en la docencia universitaria, comprende la inducci\u00f3n a la ense\u00f1anza y el acompa\u00f1amiento necesario para desarrollar procesos educativos por primera vez, hasta la integraci\u00f3n y permanencia en la carrera docente, fomentando a su vez una cultura de formaci\u00f3n docente.<br \/>Tambi\u00e9n implica una inducci\u00f3n al conocimiento de la Universidad Nacional Aut\u00f3noma de M\u00e9xico, instituci\u00f3n en la que se ejercer\u00e1 el trabajo docente. <\/span><\/p>\n<p>[\/et_pb_text][et_pb_image src=&#8221;https:\/\/cfop.ceide.unam.mx\/wp-content\/uploads\/2025\/04\/bag-1868758_960_720.jpg&#8221; title_text=&#8221;bag-1868758_960_720&#8243; align=&#8221;center&#8221; _builder_version=&#8221;4.27.2&#8243; _module_preset=&#8221;default&#8221; width=&#8221;100%&#8221; max_width=&#8221;70%&#8221; global_colors_info=&#8221;{}&#8221;][\/et_pb_image][\/et_pb_column][\/et_pb_row][et_pb_row _builder_version=&#8221;4.16&#8243; background_size=&#8221;initial&#8221; background_position=&#8221;top_left&#8221; background_repeat=&#8221;repeat&#8221; custom_padding=&#8221;40px|0px|40px|0px&#8221; global_colors_info=&#8221;{}&#8221;][et_pb_column type=&#8221;4_4&#8243; _builder_version=&#8221;4.16&#8243; custom_padding=&#8221;|||&#8221; global_colors_info=&#8221;{}&#8221; custom_padding__hover=&#8221;|||&#8221;][et_pb_text admin_label=&#8221;Question&#8221; _builder_version=&#8221;4.27.2&#8243; text_font_size=&#8221;20px&#8221; text_line_height=&#8221;1.9em&#8221; header_font=&#8221;|700|||||||&#8221; header_text_color=&#8221;#1f1f1f&#8221; header_font_size=&#8221;24px&#8221; header_line_height=&#8221;1.4em&#8221; background_size=&#8221;initial&#8221; background_position=&#8221;top_left&#8221; background_repeat=&#8221;repeat&#8221; max_width=&#8221;1079px&#8221; module_alignment=&#8221;left&#8221; custom_padding=&#8221;15px|||||&#8221; animation_direction=&#8221;bottom&#8221; global_colors_info=&#8221;{}&#8221;]<\/p>\n<h2><span style=\"font-weight: 400;\"><strong>Formaci\u00f3n para el ejercicio y desarrollo continuo<\/strong><\/span><strong><br \/><\/strong><\/h2>\n<p style=\"text-align: justify;\"><span style=\"font-weight: 400;\">Dirigido al profesorado que cuenta con experiencia en el ejercicio de la docencia que busca fortalecer, as\u00ed como actualizar, sus conocimientos en el \u00e1mbito de la ense\u00f1anza, promoviendo su desarrollo continuo y asumiendo un compromiso con el aprendizaje a lo largo de la carrera docente. <\/span><\/p>\n<p>[\/et_pb_text][et_pb_image src=&#8221;https:\/\/cfop.ceide.unam.mx\/wp-content\/uploads\/2025\/04\/pexels-ketut-subiyanto-4126712.jpg&#8221; title_text=&#8221;pexels-ketut-subiyanto-4126712&#8243; align=&#8221;center&#8221; _builder_version=&#8221;4.16&#8243; _module_preset=&#8221;default&#8221; max_width=&#8221;70%&#8221; global_colors_info=&#8221;{}&#8221;][\/et_pb_image][\/et_pb_column][\/et_pb_row][et_pb_row _builder_version=&#8221;4.16&#8243; background_size=&#8221;initial&#8221; background_position=&#8221;top_left&#8221; background_repeat=&#8221;repeat&#8221; custom_padding=&#8221;40px|0px|40px|0px&#8221; global_colors_info=&#8221;{}&#8221;][et_pb_column type=&#8221;4_4&#8243; _builder_version=&#8221;4.16&#8243; custom_padding=&#8221;|||&#8221; global_colors_info=&#8221;{}&#8221; custom_padding__hover=&#8221;|||&#8221;][et_pb_text admin_label=&#8221;Question&#8221; _builder_version=&#8221;4.27.2&#8243; text_font_size=&#8221;20px&#8221; text_line_height=&#8221;1.9em&#8221; header_font=&#8221;|700|||||||&#8221; header_text_color=&#8221;#1f1f1f&#8221; header_font_size=&#8221;24px&#8221; header_line_height=&#8221;1.4em&#8221; background_size=&#8221;initial&#8221; background_position=&#8221;top_left&#8221; background_repeat=&#8221;repeat&#8221; max_width=&#8221;1079px&#8221; module_alignment=&#8221;left&#8221; animation_direction=&#8221;bottom&#8221; global_colors_info=&#8221;{}&#8221;]<\/p>\n<h2><strong>Formaci\u00f3n para la profesionalizaci\u00f3n de la docencia universitaria<br \/><\/strong><\/h2>\n<p style=\"text-align: justify;\"><span style=\"font-weight: 400;\">Relativo al perfeccionamiento y profundizaci\u00f3n de conocimientos, habilidades y actitudes para el ejercicio de la docencia como una profesi\u00f3n en s\u00ed misma que requiere formaci\u00f3n espec\u00edfica y permanente, considerando las particularidades y desaf\u00edos a los que se enfrenta la educaci\u00f3n media superior y superior. Este momento tambi\u00e9n considera la formaci\u00f3n del profesorado para participar en la elaboraci\u00f3n de investigaci\u00f3n en educaci\u00f3n fomentando la generaci\u00f3n de conocimiento que contribuya al avance y mejora de los procesos de ense\u00f1anza, aprendizaje y evaluaci\u00f3n. <\/span><\/p>\n<p>[\/et_pb_text][et_pb_image src=&#8221;https:\/\/cfop.ceide.unam.mx\/wp-content\/uploads\/2025\/04\/pexels-kampus-production-5940717.jpg&#8221; title_text=&#8221;pexels-kampus-production-5940717&#8243; align=&#8221;center&#8221; _builder_version=&#8221;4.16&#8243; _module_preset=&#8221;default&#8221; max_width=&#8221;70%&#8221; global_colors_info=&#8221;{}&#8221;][\/et_pb_image][\/et_pb_column][\/et_pb_row][\/et_pb_section][et_pb_section fb_built=&#8221;1&#8243; admin_label=&#8221;ImagenPluma&#8221; _builder_version=&#8221;4.16&#8243; background_image=&#8221;https:\/\/cfop.ceide.unam.mx\/wp-content\/uploads\/2025\/02\/writing-104091_960_720.jpg&#8221; parallax=&#8221;on&#8221; height=&#8221;400px&#8221; custom_padding=&#8221;90px||90px|&#8221; saved_tabs=&#8221;all&#8221; global_colors_info=&#8221;{}&#8221;][\/et_pb_section]<\/p>\n","protected":false},"excerpt":{"rendered":"<p>Momentos formativos del profesoradoLa formaci\u00f3n del profesorado universitario se constituye de tres momentos: Formaci\u00f3n inicial o inserci\u00f3n a la docencia y conocimiento institucional Referido a la atracci\u00f3n y formaci\u00f3n del profesorado novel que se inicia en la docencia universitaria, comprende la inducci\u00f3n a la ense\u00f1anza y el acompa\u00f1amiento necesario para desarrollar procesos educativos por primera [&hellip;]<\/p>\n","protected":false},"author":3,"featured_media":0,"parent":0,"menu_order":0,"comment_status":"closed","ping_status":"closed","template":"","meta":{"_et_pb_use_builder":"on","_et_pb_old_content":"<!-- wp:divi\/placeholder \/-->","_et_gb_content_width":"","footnotes":""},"class_list":["post-1671","page","type-page","status-publish","hentry"],"_links":{"self":[{"href":"https:\/\/cfop.ceide.unam.mx\/index.php\/wp-json\/wp\/v2\/pages\/1671","targetHints":{"allow":["GET"]}}],"collection":[{"href":"https:\/\/cfop.ceide.unam.mx\/index.php\/wp-json\/wp\/v2\/pages"}],"about":[{"href":"https:\/\/cfop.ceide.unam.mx\/index.php\/wp-json\/wp\/v2\/types\/page"}],"author":[{"embeddable":true,"href":"https:\/\/cfop.ceide.unam.mx\/index.php\/wp-json\/wp\/v2\/users\/3"}],"replies":[{"embeddable":true,"href":"https:\/\/cfop.ceide.unam.mx\/index.php\/wp-json\/wp\/v2\/comments?post=1671"}],"version-history":[{"count":5,"href":"https:\/\/cfop.ceide.unam.mx\/index.php\/wp-json\/wp\/v2\/pages\/1671\/revisions"}],"predecessor-version":[{"id":1770,"href":"https:\/\/cfop.ceide.unam.mx\/index.php\/wp-json\/wp\/v2\/pages\/1671\/revisions\/1770"}],"wp:attachment":[{"href":"https:\/\/cfop.ceide.unam.mx\/index.php\/wp-json\/wp\/v2\/media?parent=1671"}],"curies":[{"name":"wp","href":"https:\/\/api.w.org\/{rel}","templated":true}]}}