{"id":1682,"date":"2025-04-01T01:06:38","date_gmt":"2025-04-01T01:06:38","guid":{"rendered":"https:\/\/cfop.ceide.unam.mx\/?page_id=1682"},"modified":"2025-04-01T18:25:15","modified_gmt":"2025-04-01T18:25:15","slug":"lineas-de-formacion","status":"publish","type":"page","link":"https:\/\/cfop.ceide.unam.mx\/index.php\/lineas-de-formacion\/","title":{"rendered":"lineas-de-formacion"},"content":{"rendered":"<p>[et_pb_section fb_built=&#8221;1&#8243; admin_label=&#8221;Testimonials&#8221; _builder_version=&#8221;4.16&#8243; use_background_color_gradient=&#8221;on&#8221; background_color_gradient_stops=&#8221;rgba(76,72,227,0.96) 0%|rgba(73,108,220,0.93) 100%&#8221; background_color_gradient_start=&#8221;rgba(76,72,227,0.96)&#8221; background_color_gradient_end=&#8221;rgba(73,108,220,0.93)&#8221; background_image=&#8221;https:\/\/cfop.ceide.unam.mx\/wp-content\/uploads\/2025\/04\/pexels-photo-3184328.jpeg&#8221; parallax=&#8221;on&#8221; height=&#8221;800px&#8221; custom_padding=&#8221;90px||60px|&#8221; animation_direction=&#8221;bottom&#8221; global_colors_info=&#8221;{}&#8221;][\/et_pb_section][et_pb_section fb_built=&#8221;1&#8243; admin_label=&#8221;FAQ&#8221; _builder_version=&#8221;4.16&#8243; custom_padding=&#8221;90px|0px|90px|0px&#8221; global_colors_info=&#8221;{}&#8221;][et_pb_row _builder_version=&#8221;4.27.2&#8243; background_color=&#8221;#FFFFFF&#8221; background_size=&#8221;initial&#8221; background_position=&#8221;top_left&#8221; background_repeat=&#8221;repeat&#8221; custom_padding=&#8221;45px|0px|45px|0px&#8221; custom_width_px=&#8221;710px&#8221; global_colors_info=&#8221;{}&#8221;][et_pb_column type=&#8221;4_4&#8243; _builder_version=&#8221;4.27.2&#8243; background_color=&#8221;#FFFFFF&#8221; background_position=&#8221;top_left&#8221; custom_padding=&#8221;|||&#8221; global_colors_info=&#8221;{}&#8221; custom_padding__hover=&#8221;|||&#8221;][et_pb_divider color=&#8221;#ca970b&#8221; divider_weight=&#8221;3px&#8221; disabled_on=&#8221;off|off|off&#8221; _builder_version=&#8221;4.27.2&#8243; background_color_gradient_direction=&#8221;90deg&#8221; max_width=&#8221;100px&#8221; module_alignment=&#8221;center&#8221; height=&#8221;5px&#8221; custom_margin=&#8221;||20px|&#8221; custom_padding=&#8221;||20px|&#8221; animation_direction=&#8221;bottom&#8221; saved_tabs=&#8221;all&#8221; locked=&#8221;off&#8221; global_colors_info=&#8221;{}&#8221;][\/et_pb_divider][et_pb_text admin_label=&#8221;FAQ Section Title&#8221; _builder_version=&#8221;4.27.2&#8243; text_font_size=&#8221;27px&#8221; header_font=&#8221;||||||||&#8221; header_text_color=&#8221;#283066&#8243; header_font_size=&#8221;42px&#8221; text_orientation=&#8221;center&#8221; max_width=&#8221;710px&#8221; module_alignment=&#8221;center&#8221; animation_direction=&#8221;bottom&#8221; global_colors_info=&#8221;{}&#8221;]<\/p>\n<h1>L\u00edneas para el trayecto formativo del profesorado<\/h1>\n<p>[\/et_pb_text][et_pb_text admin_label=&#8221;FAQ Section Subtitle&#8221; _builder_version=&#8221;4.27.2&#8243; text_font_size=&#8221;20px&#8221; text_line_height=&#8221;1.9em&#8221; background_size=&#8221;initial&#8221; background_position=&#8221;top_left&#8221; background_repeat=&#8221;repeat&#8221; text_orientation=&#8221;center&#8221; max_width=&#8221;967px&#8221; module_alignment=&#8221;center&#8221; custom_margin=&#8221;|40px||||&#8221; animation_direction=&#8221;bottom&#8221; global_colors_info=&#8221;{}&#8221;]<\/p>\n<p style=\"text-align: justify;\"><span style=\"font-weight: 400;\">El desarrollo profesional del profesorado tendr\u00e1 lugar a trav\u00e9s del tr\u00e1nsito por las distintas \u00e1reas de formaci\u00f3n que sustentan el modelo de formaci\u00f3n y profesionalizaci\u00f3n docente de la UNAM.<\/span><\/p>\n<p style=\"text-align: justify;\">Cabe mencionar que las l\u00edneas mencionadas a continuaci\u00f3n son din\u00e1micas y est\u00e1n intr\u00ednsecamente vinculadas a las necesidades y desaf\u00edos que plantea la educaci\u00f3n media superior y superior.<\/p>\n<p>[\/et_pb_text][\/et_pb_column][\/et_pb_row][et_pb_row disabled_on=&#8221;on|on|on&#8221; _builder_version=&#8221;4.27.2&#8243; _module_preset=&#8221;default&#8221; max_width=&#8221;701px&#8221; disabled=&#8221;on&#8221; global_colors_info=&#8221;{}&#8221;][et_pb_column type=&#8221;4_4&#8243; _builder_version=&#8221;4.16&#8243; _module_preset=&#8221;default&#8221; global_colors_info=&#8221;{}&#8221;][et_pb_image src=&#8221;https:\/\/cfop.ceide.unam.mx\/wp-content\/uploads\/2025\/04\/Lineas-de-formacion-docente-CFOP.png&#8221; title_text=&#8221;L\u00edneas de formaci\u00f3n docente-CFOP&#8221; _builder_version=&#8221;4.27.2&#8243; _module_preset=&#8221;default&#8221; global_colors_info=&#8221;{}&#8221; custom_padding=&#8221;5px|||||&#8221;][\/et_pb_image][\/et_pb_column][\/et_pb_row][et_pb_row _builder_version=&#8221;4.27.2&#8243; background_size=&#8221;initial&#8221; background_position=&#8221;top_left&#8221; background_repeat=&#8221;repeat&#8221; custom_padding=&#8221;40px|0px|40px|0px&#8221; locked=&#8221;off&#8221; global_colors_info=&#8221;{}&#8221;][et_pb_column type=&#8221;4_4&#8243; _builder_version=&#8221;4.16&#8243; custom_padding=&#8221;|||&#8221; global_colors_info=&#8221;{}&#8221; custom_padding__hover=&#8221;|||&#8221;][et_pb_text admin_label=&#8221;Question&#8221; _builder_version=&#8221;4.27.2&#8243; text_font_size=&#8221;20px&#8221; text_line_height=&#8221;1.9em&#8221; header_font=&#8221;|700|||||||&#8221; header_text_color=&#8221;#1f1f1f&#8221; header_font_size=&#8221;24px&#8221; header_line_height=&#8221;1.4em&#8221; background_size=&#8221;initial&#8221; background_position=&#8221;top_left&#8221; background_repeat=&#8221;repeat&#8221; max_width=&#8221;1079px&#8221; module_alignment=&#8221;left&#8221; animation_direction=&#8221;bottom&#8221; global_colors_info=&#8221;{}&#8221;]<\/p>\n<h2><strong>1.Did\u00e1ctica universitaria<\/strong><\/h2>\n<p style=\"text-align: justify;\">Esta l\u00ednea pretende formar al profesorado en la instrumentaci\u00f3n de la did\u00e1ctica general y espec\u00edficas, basada en en teor\u00edas de la educaci\u00f3n, para la construcci\u00f3n del conocimiento, el desarrollo de habilidades y actitudes en los diversos campos disciplinares que abarca la educaci\u00f3n universitaria -bachillerato, licenciatura y posgrado en las modalidades presencial, abierta, a distancia y mixta-, con el prop\u00f3sito de cumplir con los fines de la Universidad. Esta l\u00ednea formativa debe promover tem\u00e1ticas que atiendan los momentos did\u00e1cticos, el dise\u00f1o, uso y elaboraci\u00f3n de materiales, recursos para la ense\u00f1anza y el aprendizaje, as\u00ed como t\u00e9cnicas y estrategias que posibiliten la interacci\u00f3n entre los agentes educativos para promover un aprendizaje activo y significativo.<\/p>\n<p>[\/et_pb_text][et_pb_image src=&#8221;https:\/\/cfop.ceide.unam.mx\/wp-content\/uploads\/2025\/04\/pexels-thisisengineering-3862130-1.jpg&#8221; title_text=&#8221;pexels-thisisengineering-3862130-1&#8243; align=&#8221;center&#8221; _builder_version=&#8221;4.27.2&#8243; _module_preset=&#8221;default&#8221; width=&#8221;100%&#8221; max_width=&#8221;70%&#8221; global_colors_info=&#8221;{}&#8221;][\/et_pb_image][\/et_pb_column][\/et_pb_row][et_pb_row _builder_version=&#8221;4.27.2&#8243; background_size=&#8221;initial&#8221; background_position=&#8221;top_left&#8221; background_repeat=&#8221;repeat&#8221; custom_padding=&#8221;40px|0px|40px|0px&#8221; locked=&#8221;off&#8221; global_colors_info=&#8221;{}&#8221;][et_pb_column type=&#8221;4_4&#8243; _builder_version=&#8221;4.16&#8243; custom_padding=&#8221;|||&#8221; global_colors_info=&#8221;{}&#8221; custom_padding__hover=&#8221;|||&#8221;][et_pb_text admin_label=&#8221;Question&#8221; _builder_version=&#8221;4.27.2&#8243; text_font_size=&#8221;20px&#8221; text_line_height=&#8221;1.9em&#8221; header_font=&#8221;|700|||||||&#8221; header_text_color=&#8221;#1f1f1f&#8221; header_font_size=&#8221;24px&#8221; header_line_height=&#8221;1.4em&#8221; background_size=&#8221;initial&#8221; background_position=&#8221;top_left&#8221; background_repeat=&#8221;repeat&#8221; max_width=&#8221;1079px&#8221; module_alignment=&#8221;left&#8221; animation_direction=&#8221;bottom&#8221; global_colors_info=&#8221;{}&#8221;]<\/p>\n<h2><strong>2. Sistematizaci\u00f3n de la pr\u00e1ctica docente<\/strong><\/h2>\n<p style=\"text-align: justify;\">Esta l\u00ednea busca formar a los docentes en metodolog\u00edas para la descripci\u00f3n, documentaci\u00f3n, clasificaci\u00f3n y an\u00e1lisis de sus experiencias y pr\u00e1cticas a partir del fomento de procesos reflexivos, tanto individuales como colectivos con la finalidad de promover la modificaci\u00f3n y resignificaci\u00f3n de su pr\u00e1ctica docente para la mejora continua, al tiempo de generar y compartir conocimientos. La sistematizaci\u00f3n de la pr\u00e1ctica docente debe considerar los procesos de autoevaluaci\u00f3n, coevaluaci\u00f3n y heteroevaluaci\u00f3n del profesorado.<\/p>\n<p>[\/et_pb_text][et_pb_image src=&#8221;https:\/\/cfop.ceide.unam.mx\/wp-content\/uploads\/2025\/04\/pexels-kaboompics-com-5775.jpg&#8221; title_text=&#8221;pexels-kaboompics-com-5775&#8243; align=&#8221;center&#8221; _builder_version=&#8221;4.27.2&#8243; _module_preset=&#8221;default&#8221; width=&#8221;100%&#8221; max_width=&#8221;70%&#8221; global_colors_info=&#8221;{}&#8221;][\/et_pb_image][\/et_pb_column][\/et_pb_row][et_pb_row _builder_version=&#8221;4.27.2&#8243; background_size=&#8221;initial&#8221; background_position=&#8221;top_left&#8221; background_repeat=&#8221;repeat&#8221; custom_padding=&#8221;40px|0px|40px|0px&#8221; locked=&#8221;off&#8221; global_colors_info=&#8221;{}&#8221;][et_pb_column type=&#8221;4_4&#8243; _builder_version=&#8221;4.16&#8243; custom_padding=&#8221;|||&#8221; global_colors_info=&#8221;{}&#8221; custom_padding__hover=&#8221;|||&#8221;][et_pb_text admin_label=&#8221;Question&#8221; _builder_version=&#8221;4.27.2&#8243; text_font_size=&#8221;20px&#8221; text_line_height=&#8221;1.9em&#8221; header_font=&#8221;|700|||||||&#8221; header_text_color=&#8221;#1f1f1f&#8221; header_font_size=&#8221;24px&#8221; header_line_height=&#8221;1.4em&#8221; background_size=&#8221;initial&#8221; background_position=&#8221;top_left&#8221; background_repeat=&#8221;repeat&#8221; max_width=&#8221;1079px&#8221; module_alignment=&#8221;left&#8221; animation_direction=&#8221;bottom&#8221; global_colors_info=&#8221;{}&#8221;]<\/p>\n<h2><strong>3. Socioemocional<\/strong><\/h2>\n<p style=\"text-align: justify;\">Esta l\u00ednea ofrece una formaci\u00f3n al profesorado universitario en el conocimiento, regulaci\u00f3n, expresi\u00f3n e importancia de las emociones en los procesos de ense\u00f1anza y aprendizaje. Adem\u00e1s, pretende habilitar al docente para autorregularse y al mismo tiempo apoyar al estudiantado a hacerlo, lo cual implica reconocer las actitudes y estilos de personalidad de los distintos agentes educativos; as\u00ed como promover las habilidades sociales para el desarrollo integral del alumnado y el establecimiento de relaciones pac\u00edficas e incluyentes. Los aspectos que contempla esta l\u00ednea abarcan desde el reconocimiento de emociones, el autoconocimiento, la empat\u00eda y el fomento de la salud integral.<\/p>\n<p>[\/et_pb_text][et_pb_image src=&#8221;https:\/\/cfop.ceide.unam.mx\/wp-content\/uploads\/2025\/04\/Sin-titulo-74.png&#8221; title_text=&#8221;Sin t\u00edtulo (74)&#8221; align=&#8221;center&#8221; _builder_version=&#8221;4.27.2&#8243; _module_preset=&#8221;default&#8221; width=&#8221;100%&#8221; max_width=&#8221;70%&#8221; global_colors_info=&#8221;{}&#8221;][\/et_pb_image][\/et_pb_column][\/et_pb_row][et_pb_row _builder_version=&#8221;4.27.2&#8243; background_size=&#8221;initial&#8221; background_position=&#8221;top_left&#8221; background_repeat=&#8221;repeat&#8221; custom_padding=&#8221;40px|0px|40px|0px&#8221; locked=&#8221;off&#8221; global_colors_info=&#8221;{}&#8221;][et_pb_column type=&#8221;4_4&#8243; _builder_version=&#8221;4.16&#8243; custom_padding=&#8221;|||&#8221; global_colors_info=&#8221;{}&#8221; custom_padding__hover=&#8221;|||&#8221;][et_pb_text admin_label=&#8221;Question&#8221; _builder_version=&#8221;4.27.2&#8243; text_font_size=&#8221;20px&#8221; text_line_height=&#8221;1.9em&#8221; header_font=&#8221;|700|||||||&#8221; header_text_color=&#8221;#1f1f1f&#8221; header_font_size=&#8221;24px&#8221; header_line_height=&#8221;1.4em&#8221; background_size=&#8221;initial&#8221; background_position=&#8221;top_left&#8221; background_repeat=&#8221;repeat&#8221; max_width=&#8221;1079px&#8221; module_alignment=&#8221;left&#8221; animation_direction=&#8221;bottom&#8221; global_colors_info=&#8221;{}&#8221;]<\/p>\n<h2><strong>4. Evaluaci\u00f3n del y para el aprendizaje<\/strong><\/h2>\n<p style=\"text-align: justify;\">Esta l\u00ednea busca formar al profesorado universitario en el conocimiento de la evaluaci\u00f3n y su relevancia en los procesos de ense\u00f1anza y aprendizaje, en el desarrollo de estrategias e instrumentos de evaluaci\u00f3n diagn\u00f3stica, formativa y sumativa para contar con evidencia sobre el estado y el avance de los conocimientos disciplinares, habilidades y actitudes del alumnado. Se destaca en esta l\u00ednea el enfoque de la evaluaci\u00f3n del y para el aprendizaje, as\u00ed como el papel activo que debe asumir el alumnado en la propia evaluaci\u00f3n.<\/p>\n<p>[\/et_pb_text][et_pb_image src=&#8221;https:\/\/cfop.ceide.unam.mx\/wp-content\/uploads\/2025\/04\/workshop-2209239_960_720.jpg&#8221; title_text=&#8221;workshop-2209239_960_720&#8243; align=&#8221;center&#8221; _builder_version=&#8221;4.27.2&#8243; _module_preset=&#8221;default&#8221; width=&#8221;100%&#8221; max_width=&#8221;70%&#8221; global_colors_info=&#8221;{}&#8221;][\/et_pb_image][\/et_pb_column][\/et_pb_row][et_pb_row _builder_version=&#8221;4.27.2&#8243; background_size=&#8221;initial&#8221; background_position=&#8221;top_left&#8221; background_repeat=&#8221;repeat&#8221; custom_padding=&#8221;40px|0px|40px|0px&#8221; locked=&#8221;off&#8221; global_colors_info=&#8221;{}&#8221;][et_pb_column type=&#8221;4_4&#8243; _builder_version=&#8221;4.16&#8243; custom_padding=&#8221;|||&#8221; global_colors_info=&#8221;{}&#8221; custom_padding__hover=&#8221;|||&#8221;][et_pb_text admin_label=&#8221;Question&#8221; _builder_version=&#8221;4.27.2&#8243; text_font_size=&#8221;20px&#8221; text_line_height=&#8221;1.9em&#8221; header_font=&#8221;|700|||||||&#8221; header_text_color=&#8221;#1f1f1f&#8221; header_font_size=&#8221;24px&#8221; header_line_height=&#8221;1.4em&#8221; background_size=&#8221;initial&#8221; background_position=&#8221;top_left&#8221; background_repeat=&#8221;repeat&#8221; max_width=&#8221;1079px&#8221; module_alignment=&#8221;left&#8221; animation_direction=&#8221;bottom&#8221; global_colors_info=&#8221;{}&#8221;]<\/p>\n<h2><strong>5. Cultura digital<\/strong><\/h2>\n<p style=\"text-align: justify;\">Esta l\u00ednea aporta al cumplimiento de los proyectos institucionales encaminados a ofrecer formaci\u00f3n al profesorado universitario en conocimientos, as\u00ed como en el desarrollo de habilidades y actitudes para la integraci\u00f3n transversal de herramientas digitales en sus pr\u00e1cticas docentes. La formaci\u00f3n en este campo les permitir\u00e1 realizar una selecci\u00f3n y uso informado del hardware y software como medios para el logro de aprendizajes en el estudiantado. Entre las tem\u00e1ticas que comprende esta l\u00ednea se encuentran: las herramientas vinculadas a las interacciones, la comunicaci\u00f3n y las de car\u00e1cter emergente.<\/p>\n<p>[\/et_pb_text][et_pb_image src=&#8221;https:\/\/cfop.ceide.unam.mx\/wp-content\/uploads\/2025\/04\/pexels-vanessa-garcia-6326051.jpg&#8221; title_text=&#8221;pexels-vanessa-garcia-6326051&#8243; align=&#8221;center&#8221; _builder_version=&#8221;4.27.2&#8243; _module_preset=&#8221;default&#8221; width=&#8221;100%&#8221; max_width=&#8221;70%&#8221; global_colors_info=&#8221;{}&#8221;][\/et_pb_image][\/et_pb_column][\/et_pb_row][et_pb_row _builder_version=&#8221;4.27.2&#8243; background_size=&#8221;initial&#8221; background_position=&#8221;top_left&#8221; background_repeat=&#8221;repeat&#8221; custom_padding=&#8221;40px|0px|40px|0px&#8221; locked=&#8221;off&#8221; global_colors_info=&#8221;{}&#8221;][et_pb_column type=&#8221;4_4&#8243; _builder_version=&#8221;4.27.2&#8243; background_color=&#8221;#FFFFFF&#8221; custom_padding=&#8221;|||&#8221; global_colors_info=&#8221;{}&#8221; custom_padding__hover=&#8221;|||&#8221;][et_pb_text admin_label=&#8221;Question&#8221; _builder_version=&#8221;4.27.2&#8243; text_font_size=&#8221;20px&#8221; text_line_height=&#8221;1.9em&#8221; header_font=&#8221;|700|||||||&#8221; header_text_color=&#8221;#1f1f1f&#8221; header_font_size=&#8221;24px&#8221; header_line_height=&#8221;1.4em&#8221; background_size=&#8221;initial&#8221; background_position=&#8221;top_left&#8221; background_repeat=&#8221;repeat&#8221; max_width=&#8221;1079px&#8221; module_alignment=&#8221;left&#8221; animation_direction=&#8221;bottom&#8221; global_colors_info=&#8221;{}&#8221;]<\/p>\n<h2><strong>6. Liderazgo y gesti\u00f3n educativa para el desarrollo institucional<\/strong><\/h2>\n<p style=\"text-align: justify;\">Esta l\u00ednea busca desarrollar en el profesorado habilidades para influir y promover cambios institucionales a trav\u00e9s de su participaci\u00f3n en la planeaci\u00f3n, organizaci\u00f3n, direcci\u00f3n y evaluaci\u00f3n de proyectos educativos y en equipos de trabajo acad\u00e9mico. Adem\u00e1s, con base en los planteamientos te\u00f3ricos, metodol\u00f3gicos y de pol\u00edticas institucionales, orientar al profesorado a desempe\u00f1arse en los distintos roles y actividades acad\u00e9mico administrativas dentro del marco de la normatividad universitaria.<\/p>\n<p>[\/et_pb_text][et_pb_image src=&#8221;https:\/\/cfop.ceide.unam.mx\/wp-content\/uploads\/2025\/04\/the-conference-3248255_960_720.jpg&#8221; title_text=&#8221;the-conference-3248255_960_720&#8243; align=&#8221;center&#8221; _builder_version=&#8221;4.27.2&#8243; _module_preset=&#8221;default&#8221; width=&#8221;100%&#8221; max_width=&#8221;70%&#8221; global_colors_info=&#8221;{}&#8221;][\/et_pb_image][\/et_pb_column][\/et_pb_row][et_pb_row _builder_version=&#8221;4.27.2&#8243; background_size=&#8221;initial&#8221; background_position=&#8221;top_left&#8221; background_repeat=&#8221;repeat&#8221; custom_padding=&#8221;40px|0px|40px|0px&#8221; locked=&#8221;off&#8221; global_colors_info=&#8221;{}&#8221;][et_pb_column type=&#8221;4_4&#8243; _builder_version=&#8221;4.27.2&#8243; background_color=&#8221;#FFFFFF&#8221; custom_padding=&#8221;|||&#8221; global_colors_info=&#8221;{}&#8221; custom_padding__hover=&#8221;|||&#8221;][et_pb_text admin_label=&#8221;Question&#8221; _builder_version=&#8221;4.27.2&#8243; text_font_size=&#8221;20px&#8221; text_line_height=&#8221;1.9em&#8221; header_font=&#8221;|700|||||||&#8221; header_text_color=&#8221;#1f1f1f&#8221; header_font_size=&#8221;24px&#8221; header_line_height=&#8221;1.4em&#8221; background_size=&#8221;initial&#8221; background_position=&#8221;top_left&#8221; background_repeat=&#8221;repeat&#8221; max_width=&#8221;1079px&#8221; module_alignment=&#8221;left&#8221; animation_direction=&#8221;bottom&#8221; global_colors_info=&#8221;{}&#8221;]<\/p>\n<h2><strong>7. Innovaci\u00f3n para la educaci\u00f3n universitaria<\/strong><\/h2>\n<p style=\"text-align: justify;\">Esta l\u00ednea busca desarrollar en el profesorado habilidades para influir y promover cambios institucionales a trav\u00e9s de su participaci\u00f3n en la planeaci\u00f3n, organizaci\u00f3n, direcci\u00f3n y evaluaci\u00f3n de proyectos educativos y en equipos de trabajo acad\u00e9mico. Adem\u00e1s, con base en los planteamientos te\u00f3ricos, metodol\u00f3gicos y de pol\u00edticas institucionales, orientar al profesorado a desempe\u00f1arse en los distintos roles y actividades acad\u00e9mico administrativas dentro del marco de la normatividad universitaria.<\/p>\n<p>[\/et_pb_text][et_pb_image src=&#8221;https:\/\/cfop.ceide.unam.mx\/wp-content\/uploads\/2025\/04\/Sin-titulo-73.png&#8221; title_text=&#8221;Sin t\u00edtulo (73)&#8221; align=&#8221;center&#8221; _builder_version=&#8221;4.27.2&#8243; _module_preset=&#8221;default&#8221; width=&#8221;100%&#8221; max_width=&#8221;70%&#8221; global_colors_info=&#8221;{}&#8221;][\/et_pb_image][\/et_pb_column][\/et_pb_row][et_pb_row _builder_version=&#8221;4.27.2&#8243; background_size=&#8221;initial&#8221; background_position=&#8221;top_left&#8221; background_repeat=&#8221;repeat&#8221; custom_padding=&#8221;40px|0px|40px|0px&#8221; locked=&#8221;off&#8221; global_colors_info=&#8221;{}&#8221;][et_pb_column type=&#8221;4_4&#8243; _builder_version=&#8221;4.27.2&#8243; background_color=&#8221;#FFFFFF&#8221; custom_padding=&#8221;|||&#8221; global_colors_info=&#8221;{}&#8221; custom_padding__hover=&#8221;|||&#8221;][et_pb_text admin_label=&#8221;Question&#8221; _builder_version=&#8221;4.27.2&#8243; text_font_size=&#8221;20px&#8221; text_line_height=&#8221;1.9em&#8221; header_font=&#8221;|700|||||||&#8221; header_text_color=&#8221;#1f1f1f&#8221; header_font_size=&#8221;24px&#8221; header_line_height=&#8221;1.4em&#8221; background_size=&#8221;initial&#8221; background_position=&#8221;top_left&#8221; background_repeat=&#8221;repeat&#8221; max_width=&#8221;1079px&#8221; module_alignment=&#8221;left&#8221; animation_direction=&#8221;bottom&#8221; global_colors_info=&#8221;{}&#8221;]<\/p>\n<h2><strong>8. Temas transversales de la educaci\u00f3n universitaria<\/strong><\/h2>\n<p style=\"text-align: justify;\">Esta l\u00ednea busca formar al profesorado en la reflexi\u00f3n y sensibilizaci\u00f3n en temas tales como: perspectiva de g\u00e9nero, Derechos Humanos, Filosof\u00eda y \u00c9tica, pensamiento cr\u00edtico, inclusi\u00f3n, sustentabilidad y otros t\u00f3picos transversales a la formaci\u00f3n universitaria para su incorporaci\u00f3n paulatina en las pr\u00e1cticas docentes.<\/p>\n<p>[\/et_pb_text][et_pb_image src=&#8221;https:\/\/cfop.ceide.unam.mx\/wp-content\/uploads\/2025\/04\/Sin-titulo-72.png&#8221; title_text=&#8221;Sin t\u00edtulo (72)&#8221; align=&#8221;center&#8221; _builder_version=&#8221;4.27.2&#8243; _module_preset=&#8221;default&#8221; width=&#8221;100%&#8221; max_width=&#8221;70%&#8221; global_colors_info=&#8221;{}&#8221;][\/et_pb_image][\/et_pb_column][\/et_pb_row][\/et_pb_section][et_pb_section fb_built=&#8221;1&#8243; admin_label=&#8221;ImagenPluma&#8221; _builder_version=&#8221;4.16&#8243; background_image=&#8221;https:\/\/cfop.ceide.unam.mx\/wp-content\/uploads\/2025\/02\/writing-104091_960_720.jpg&#8221; parallax=&#8221;on&#8221; height=&#8221;400px&#8221; custom_padding=&#8221;90px||90px|&#8221; saved_tabs=&#8221;all&#8221; global_colors_info=&#8221;{}&#8221;][\/et_pb_section]<\/p>\n","protected":false},"excerpt":{"rendered":"<p>L\u00edneas para el trayecto formativo del profesoradoEl desarrollo profesional del profesorado tendr\u00e1 lugar a trav\u00e9s del tr\u00e1nsito por las distintas \u00e1reas de formaci\u00f3n que sustentan el modelo de formaci\u00f3n y profesionalizaci\u00f3n docente de la UNAM. Cabe mencionar que las l\u00edneas mencionadas a continuaci\u00f3n son din\u00e1micas y est\u00e1n intr\u00ednsecamente vinculadas a las necesidades y desaf\u00edos que [&hellip;]<\/p>\n","protected":false},"author":3,"featured_media":0,"parent":0,"menu_order":0,"comment_status":"closed","ping_status":"closed","template":"","meta":{"_et_pb_use_builder":"on","_et_pb_old_content":"","_et_gb_content_width":"","footnotes":""},"class_list":["post-1682","page","type-page","status-publish","hentry"],"_links":{"self":[{"href":"https:\/\/cfop.ceide.unam.mx\/index.php\/wp-json\/wp\/v2\/pages\/1682","targetHints":{"allow":["GET"]}}],"collection":[{"href":"https:\/\/cfop.ceide.unam.mx\/index.php\/wp-json\/wp\/v2\/pages"}],"about":[{"href":"https:\/\/cfop.ceide.unam.mx\/index.php\/wp-json\/wp\/v2\/types\/page"}],"author":[{"embeddable":true,"href":"https:\/\/cfop.ceide.unam.mx\/index.php\/wp-json\/wp\/v2\/users\/3"}],"replies":[{"embeddable":true,"href":"https:\/\/cfop.ceide.unam.mx\/index.php\/wp-json\/wp\/v2\/comments?post=1682"}],"version-history":[{"count":11,"href":"https:\/\/cfop.ceide.unam.mx\/index.php\/wp-json\/wp\/v2\/pages\/1682\/revisions"}],"predecessor-version":[{"id":1723,"href":"https:\/\/cfop.ceide.unam.mx\/index.php\/wp-json\/wp\/v2\/pages\/1682\/revisions\/1723"}],"wp:attachment":[{"href":"https:\/\/cfop.ceide.unam.mx\/index.php\/wp-json\/wp\/v2\/media?parent=1682"}],"curies":[{"name":"wp","href":"https:\/\/api.w.org\/{rel}","templated":true}]}}