{"id":1724,"date":"2025-04-02T00:00:26","date_gmt":"2025-04-02T00:00:26","guid":{"rendered":"https:\/\/cfop.ceide.unam.mx\/?page_id=1724"},"modified":"2025-04-02T00:03:19","modified_gmt":"2025-04-02T00:03:19","slug":"como-llegar-al-cfop","status":"publish","type":"page","link":"https:\/\/cfop.ceide.unam.mx\/index.php\/como-llegar-al-cfop\/","title":{"rendered":"como-llegar-al-cfop"},"content":{"rendered":"<p>[et_pb_section fb_built=&#8221;1&#8243; admin_label=&#8221;Course&#8221; module_class=&#8221;contenedor-informacion-curso&#8221; _builder_version=&#8221;4.16&#8243; custom_width_px__hover=&#8221;1080px&#8221; custom_width_px__hover_enabled=&#8221;1080px&#8221; custom_width_percent__hover=&#8221;80%&#8221; custom_width_percent__hover_enabled=&#8221;80%&#8221; global_colors_info=&#8221;{}&#8221; gutter_width__hover=&#8221;3&#8243; gutter_width__hover_enabled=&#8221;3&#8243; parallax_1__hover=&#8221;off&#8221; parallax_1__hover_enabled=&#8221;off&#8221; parallax_2__hover=&#8221;off&#8221; parallax_2__hover_enabled=&#8221;off&#8221; parallax_3__hover=&#8221;off&#8221; parallax_3__hover_enabled=&#8221;off&#8221; parallax_method_1__hover=&#8221;on&#8221; parallax_method_1__hover_enabled=&#8221;on&#8221; parallax_method_2__hover=&#8221;on&#8221; parallax_method_2__hover_enabled=&#8221;on&#8221; parallax_method_3__hover=&#8221;on&#8221; parallax_method_3__hover_enabled=&#8221;on&#8221; use_background_color_gradient__hover=&#8221;off&#8221; use_background_color_gradient__hover_enabled=&#8221;off&#8221; background_color_gradient_start__hover=&#8221;#2b87da&#8221; background_color_gradient_start__hover_enabled=&#8221;#2b87da&#8221; background_color_gradient_end__hover=&#8221;#29c4a9&#8243; background_color_gradient_end__hover_enabled=&#8221;#29c4a9&#8243; background_color_gradient_type__hover=&#8221;linear&#8221; background_color_gradient_type__hover_enabled=&#8221;linear&#8221; background_color_gradient_direction__hover=&#8221;180deg&#8221; background_color_gradient_direction__hover_enabled=&#8221;180deg&#8221; background_color_gradient_direction_radial__hover=&#8221;center&#8221; background_color_gradient_direction_radial__hover_enabled=&#8221;center&#8221; background_color_gradient_start_position__hover=&#8221;0%&#8221; background_color_gradient_start_position__hover_enabled=&#8221;0%&#8221; background_color_gradient_end_position__hover=&#8221;100%&#8221; background_color_gradient_end_position__hover_enabled=&#8221;100%&#8221; background_color_gradient_overlays_image__hover=&#8221;off&#8221; background_color_gradient_overlays_image__hover_enabled=&#8221;off&#8221; parallax__hover=&#8221;off&#8221; parallax__hover_enabled=&#8221;off&#8221; parallax_method__hover=&#8221;on&#8221; parallax_method__hover_enabled=&#8221;on&#8221; background_size__hover=&#8221;cover&#8221; background_size__hover_enabled=&#8221;cover&#8221; background_position__hover=&#8221;center&#8221; background_position__hover_enabled=&#8221;center&#8221; background_repeat__hover=&#8221;no-repeat&#8221; background_repeat__hover_enabled=&#8221;no-repeat&#8221; background_blend__hover=&#8221;normal&#8221; background_blend__hover_enabled=&#8221;normal&#8221; allow_player_pause__hover=&#8221;off&#8221; allow_player_pause__hover_enabled=&#8221;off&#8221; background_video_pause_outside_viewport__hover=&#8221;on&#8221; background_video_pause_outside_viewport__hover_enabled=&#8221;on&#8221; inner_shadow__hover=&#8221;off&#8221; inner_shadow__hover_enabled=&#8221;off&#8221; make_fullwidth__hover=&#8221;off&#8221; make_fullwidth__hover_enabled=&#8221;off&#8221; use_custom_width__hover=&#8221;off&#8221; use_custom_width__hover_enabled=&#8221;off&#8221; width_unit__hover=&#8221;on&#8221; width_unit__hover_enabled=&#8221;on&#8221; make_equal__hover=&#8221;off&#8221; make_equal__hover_enabled=&#8221;off&#8221; use_custom_gutter__hover=&#8221;off&#8221; use_custom_gutter__hover_enabled=&#8221;off&#8221; border_radii__hover=&#8221;on||||&#8221; border_radii__hover_enabled=&#8221;on||||&#8221; box_shadow_style__hover=&#8221;none&#8221; box_shadow_style__hover_enabled=&#8221;none&#8221; box_shadow_color__hover=&#8221;rgba(0,0,0,0.3)&#8221; box_shadow_color__hover_enabled=&#8221;rgba(0,0,0,0.3)&#8221; max_width__hover=&#8221;100%&#8221; max_width__hover_enabled=&#8221;100%&#8221; filter_hue_rotate__hover=&#8221;0deg&#8221; filter_hue_rotate__hover_enabled=&#8221;0deg&#8221; filter_saturate__hover=&#8221;100%&#8221; filter_saturate__hover_enabled=&#8221;100%&#8221; filter_brightness__hover=&#8221;100%&#8221; filter_brightness__hover_enabled=&#8221;100%&#8221; filter_contrast__hover=&#8221;100%&#8221; filter_contrast__hover_enabled=&#8221;100%&#8221; filter_invert__hover=&#8221;0%&#8221; filter_invert__hover_enabled=&#8221;0%&#8221; filter_sepia__hover=&#8221;0%&#8221; filter_sepia__hover_enabled=&#8221;0%&#8221; filter_opacity__hover=&#8221;100%&#8221; filter_opacity__hover_enabled=&#8221;100%&#8221; filter_blur__hover=&#8221;0px&#8221; filter_blur__hover_enabled=&#8221;0px&#8221; mix_blend_mode__hover=&#8221;normal&#8221; mix_blend_mode__hover_enabled=&#8221;normal&#8221; animation_style__hover=&#8221;none&#8221; animation_style__hover_enabled=&#8221;none&#8221; animation_repeat__hover=&#8221;once&#8221; animation_repeat__hover_enabled=&#8221;once&#8221; animation_direction__hover=&#8221;center&#8221; animation_direction__hover_enabled=&#8221;center&#8221; animation_duration__hover=&#8221;1000ms&#8221; animation_duration__hover_enabled=&#8221;1000ms&#8221; animation_delay__hover=&#8221;0ms&#8221; animation_delay__hover_enabled=&#8221;0ms&#8221; animation_intensity_slide__hover=&#8221;50%&#8221; animation_intensity_slide__hover_enabled=&#8221;50%&#8221; animation_intensity_zoom__hover=&#8221;50%&#8221; animation_intensity_zoom__hover_enabled=&#8221;50%&#8221; animation_intensity_flip__hover=&#8221;50%&#8221; animation_intensity_flip__hover_enabled=&#8221;50%&#8221; animation_intensity_fold__hover=&#8221;50%&#8221; animation_intensity_fold__hover_enabled=&#8221;50%&#8221; animation_intensity_roll__hover=&#8221;50%&#8221; animation_intensity_roll__hover_enabled=&#8221;50%&#8221; animation_starting_opacity__hover=&#8221;0%&#8221; animation_starting_opacity__hover_enabled=&#8221;0%&#8221; animation_speed_curve__hover=&#8221;ease-in-out&#8221; animation_speed_curve__hover_enabled=&#8221;ease-in-out&#8221; hover_transition_duration__hover=&#8221;300ms&#8221; hover_transition_duration__hover_enabled=&#8221;300ms&#8221; hover_transition_delay__hover=&#8221;0ms&#8221; hover_transition_delay__hover_enabled=&#8221;0ms&#8221; hover_transition_speed_curve__hover=&#8221;ease&#8221; hover_transition_speed_curve__hover_enabled=&#8221;ease&#8221; background_color_gradient_stops__hover=&#8221;#2b87da 0%|#29c4a9 100%&#8221; theme_builder_area=&#8221;post_content&#8221;][et_pb_row _builder_version=&#8221;4.27.2&#8243; background_size=&#8221;initial&#8221; background_position=&#8221;top_left&#8221; background_repeat=&#8221;repeat&#8221; custom_padding=&#8221;45px|0px|45px|0px&#8221; hover_enabled=&#8221;0&#8243; custom_width_px=&#8221;710px&#8221; global_colors_info=&#8221;{}&#8221; theme_builder_area=&#8221;post_content&#8221; sticky_enabled=&#8221;0&#8243;][et_pb_column type=&#8221;4_4&#8243; _builder_version=&#8221;4.27.2&#8243; background_position=&#8221;top_left&#8221; custom_padding=&#8221;|||&#8221; hover_enabled=&#8221;0&#8243; global_colors_info=&#8221;{}&#8221; custom_padding__hover=&#8221;|||&#8221; theme_builder_area=&#8221;post_content&#8221; sticky_enabled=&#8221;0&#8243; background_color=&#8221;#FFFFFF&#8221;][et_pb_divider color=&#8221;#0ca8cc&#8221; divider_weight=&#8221;3px&#8221; disabled_on=&#8221;off|off|off&#8221; _builder_version=&#8221;4.27.2&#8243; background_color_gradient_direction=&#8221;90deg&#8221; max_width=&#8221;100px&#8221; module_alignment=&#8221;center&#8221; height=&#8221;5px&#8221; custom_margin=&#8221;||20px|&#8221; custom_padding=&#8221;||20px|&#8221; animation_direction=&#8221;bottom&#8221; hover_enabled=&#8221;0&#8243; saved_tabs=&#8221;all&#8221; locked=&#8221;off&#8221; global_colors_info=&#8221;{}&#8221; theme_builder_area=&#8221;post_content&#8221; sticky_enabled=&#8221;0&#8243;][\/et_pb_divider][et_pb_text admin_label=&#8221;FAQ Section Title&#8221; _builder_version=&#8221;4.27.2&#8243; header_font=&#8221;||||||||&#8221; header_text_color=&#8221;#283066&#8243; header_font_size=&#8221;36px&#8221; text_orientation=&#8221;center&#8221; max_width=&#8221;710px&#8221; module_alignment=&#8221;center&#8221; animation_direction=&#8221;bottom&#8221; hover_enabled=&#8221;0&#8243; global_colors_info=&#8221;{}&#8221; theme_builder_area=&#8221;post_content&#8221; sticky_enabled=&#8221;0&#8243;]<\/p>\n<h1><strong>Rutas y alternativas para llegar al CFOP<br \/><\/strong><\/h1>\n<p>[\/et_pb_text][\/et_pb_column][\/et_pb_row][et_pb_row _builder_version=&#8221;4.16&#8243; _module_preset=&#8221;default&#8221; global_colors_info=&#8221;{}&#8221; theme_builder_area=&#8221;post_content&#8221;][et_pb_column type=&#8221;4_4&#8243; _builder_version=&#8221;4.16&#8243; _module_preset=&#8221;default&#8221; global_colors_info=&#8221;{}&#8221; theme_builder_area=&#8221;post_content&#8221;][et_pb_text _builder_version=&#8221;4.16&#8243; _module_preset=&#8221;default&#8221; text_font_size=&#8221;18px&#8221; global_colors_info=&#8221;{}&#8221; theme_builder_area=&#8221;post_content&#8221;]<\/p>\n<h3 style=\"text-align: justify;\">\u00bfC\u00f3mo llego al CFOP en autom\u00f3vil?<\/h3>\n<p style=\"text-align: justify;\">El Centro de Formaci\u00f3n y Profesionalizaci\u00f3n Docente (CFOP) de la UNAM se encuentra en Avenida Ciudad Universitaria 298, colonia Jardines del Pedregal, c\u00f3digo postal 01900 CDMX, rumbo a la salida a a San Jer\u00f3nimo. El CFOP <strong>no cuenta con estacionamiento<\/strong>, sin embargo, usted puede dejar su veh\u00edculo en los estacionamientos 1, 2, 3, 4 y 8 del Estadio. El estacionamiento m\u00e1s cercano al CFOP es el n\u00famero 3, desde este punto, deber\u00e1 caminar en direcci\u00f3n hacia el Anexo (Posgrado de la Facultad de Filosof\u00eda y Letras) rodeando la tienda Pumas hasta llegar al CFOP.<\/p>\n<p>[\/et_pb_text][\/et_pb_column][\/et_pb_row][et_pb_row _builder_version=&#8221;4.16&#8243; _module_preset=&#8221;default&#8221; global_colors_info=&#8221;{}&#8221; theme_builder_area=&#8221;post_content&#8221;][et_pb_column type=&#8221;4_4&#8243; _builder_version=&#8221;4.16&#8243; _module_preset=&#8221;default&#8221; global_colors_info=&#8221;{}&#8221; theme_builder_area=&#8221;post_content&#8221;][et_pb_code _builder_version=&#8221;4.16&#8243; _module_preset=&#8221;default&#8221; global_colors_info=&#8221;{}&#8221; theme_builder_area=&#8221;post_content&#8221;]<iframe src=\"https:\/\/www.google.com\/maps\/embed?pb=!1m26!1m12!1m3!1d2662.144397194035!2d-99.19745164312194!3d19.33271713505938!2m3!1f0!2f0!3f0!3m2!1i1024!2i768!4f13.1!4m11!3e2!4m3!3m2!1d19.3335077!2d-99.19753659999999!4m5!1s0x85cdffff04d3df9b%3A0xfe5c612f92d8947e!2sAparcamiento!3m2!1d19.3325492!2d-99.19457779999999!5e0!3m2!1ses!2smx!4v1690400332669!5m2!1ses!2smx\" width=\"1200\" height=\"450\" style=\"border:0;\" allowfullscreen=\"\" loading=\"lazy\" referrerpolicy=\"no-referrer-when-downgrade\"><\/iframe>[\/et_pb_code][et_pb_text _builder_version=&#8221;4.16&#8243; _module_preset=&#8221;default&#8221; text_font_size=&#8221;18px&#8221; custom_padding=&#8221;||2px|||&#8221; global_colors_info=&#8221;{}&#8221; theme_builder_area=&#8221;post_content&#8221;]<\/p>\n<h3 style=\"text-align: justify;\">\u00bfC\u00f3mo llego al CFOP en Pumab\u00fas?<\/h3>\n<p style=\"text-align: justify;\">La parada del Pumab\u00fas m\u00e1s cercana es la del Anexo (Posgrado de la Facultad de Filosof\u00eda y Letras). Puede consultar el recorrido de la Ruta 11 haciendo <a href=\"http:\/\/localhost\/cfoda\/wp-content\/uploads\/2023\/08\/Ruta_11.webp\" target=\"_blank\" rel=\"noopener noreferrer\">clic aqu\u00ed<\/a> o de la ruta 12 haciendo <a href=\"http:\/\/localhost\/cfoda\/wp-content\/uploads\/2023\/08\/R12_23-scaled.jpg\" target=\"_blank\" rel=\"noopener noreferrer\">clic aqu\u00ed<\/a> para que elija la que m\u00e1s le convenga y llegue a dicha parada. Luego, deber\u00e1 caminar con direcci\u00f3n a la AAPAUNAM para llegar al CFOP. Puede abordar la ruta 11 desde la estaci\u00f3n desde el Metrob\u00fas Ciudad Universitaria, bajando por la rampa conocida como &#8220;el caracol&#8221; a un costado de la Escuela Nacional de Trabajo Social y la ruta 12 se puede abordar desde la base del Estadio Ol\u00edmpico Universitario.<\/p>\n<p>[\/et_pb_text][\/et_pb_column][\/et_pb_row][et_pb_row _builder_version=&#8221;4.16&#8243; _module_preset=&#8221;default&#8221; global_colors_info=&#8221;{}&#8221; theme_builder_area=&#8221;post_content&#8221;][et_pb_column type=&#8221;4_4&#8243; _builder_version=&#8221;4.16&#8243; _module_preset=&#8221;default&#8221; global_colors_info=&#8221;{}&#8221; theme_builder_area=&#8221;post_content&#8221;][et_pb_code _builder_version=&#8221;4.16&#8243; _module_preset=&#8221;default&#8221; global_colors_info=&#8221;{}&#8221; theme_builder_area=&#8221;post_content&#8221;]<iframe src=\"https:\/\/www.google.com\/maps\/embed?pb=!1m24!1m12!1m3!1d3757.932309501664!2d-99.1969974844619!3d19.33351576067012!2m3!1f0!2f0!3f0!3m2!1i1024!2i768!4f13.1!4m9!3e2!4m3!3m2!1d19.3335077!2d-99.19753659999999!4m3!3m2!1d19.3325726!2d-99.1962399!5e0!3m2!1ses!2smx!4v1690401978470!5m2!1ses!2smx\" width=\"1200\" height=\"450\" style=\"border:0;\" allowfullscreen=\"\" loading=\"lazy\" referrerpolicy=\"no-referrer-when-downgrade\"><\/iframe>[\/et_pb_code][et_pb_text _builder_version=&#8221;4.16&#8243; _module_preset=&#8221;default&#8221; text_font_size=&#8221;18px&#8221; global_colors_info=&#8221;{}&#8221; theme_builder_area=&#8221;post_content&#8221;]<\/p>\n<h3 style=\"text-align: justify;\">\u00bfC\u00f3mo llego al CFOP en Pumab\u00fas desde el estacionamiento 3?<\/h3>\n<p style=\"text-align: justify;\">Las otras tres rutas del Pumab\u00fas que acercan al CFOP son las que pasan por el estacionamiento n\u00famero 3 del Estadio Ol\u00edmpico Universitario y\u00a0 son las siguientes:<\/p>\n<p>Ruta 6 (Naranja). Hace su recorrido por el Jard\u00edn Bot\u00e1nico, la estaci\u00f3n del Metrob\u00fas Ciudad Universitaria, la Facultad de Ciencias, el Instituto de Ciencias del Mar y Limnolog\u00eda, Invernadero, Anexo de Ingenier\u00eda, la Facultad de Contadur\u00eda, la Escuela Nacional de Trabajo Social para as\u00ed despu\u00e9s regresar al Estadio Ol\u00edmpico Universitario. Para consultar el recorrido completo de la ruta <a href=\"http:\/\/localhost\/cfoda\/wp-content\/uploads\/2023\/08\/Ruta_6.webp\" target=\"_blank\" rel=\"noopener noreferrer\">clic aqu\u00ed<\/a>.<\/p>\n<p style=\"text-align: justify;\">Ruta 7 (Oro). Hace su recorrido de la Facultad de Psicolog\u00eda al Estadio Ol\u00edmpico. Abarca el Circuito de las Facultades de Filosof\u00eda y Letras, Derecho, Econom\u00eda, Odontolog\u00eda, Medicina, Qu\u00edmica, Ingenier\u00eda y Arquitectura. Para consultar el recorrido completo de la ruta <a href=\"http:\/\/localhost\/cfoda\/wp-content\/uploads\/2023\/08\/Ruta_7.webp\" target=\"_blank\" rel=\"noopener noreferrer\">clic aqu\u00ed<\/a>.<\/p>\n<p style=\"text-align: justify;\">Ruta 8 (Azul). Hace su recorrido por la parte sur del circuito escolar, pasa por la Direcci\u00f3n General de Servicios M\u00e9dicos, Alberca Ol\u00edmpica, Torre de Ingenier\u00eda, Instituto de Investigaciones en Matem\u00e1ticas Aplicadas y en Sistemas, contin\u00faa hasta el Estadio de Pr\u00e1cticas por el circuito exterior, pasando por el Posgrado y Conjunto Sur de la Facultad de Ingenier\u00eda, la Facultad de Contadur\u00eda y Administraci\u00f3n, y la Escuela Nacional de Trabajo Social. Para consultar el recorrido completo de la ruta <a href=\"http:\/\/localhost\/cfoda\/wp-content\/uploads\/2023\/08\/Ruta_8.webp\" target=\"_blank\" rel=\"noopener noreferrer\">clic aqu\u00ed<\/a>.<\/p>\n<p>[\/et_pb_text][et_pb_text _builder_version=&#8221;4.16&#8243; _module_preset=&#8221;default&#8221; text_font_size=&#8221;18px&#8221; global_colors_info=&#8221;{}&#8221; theme_builder_area=&#8221;post_content&#8221;]<\/p>\n<h3 style=\"text-align: justify;\">\u00bfC\u00f3mo llego al CFOP en transporte p\u00fablico?<\/h3>\n<p style=\"text-align: justify;\">Una alternativa para llegar al CFOP en transporte p\u00fablico es desde la estaci\u00f3n del Metro (L\u00ednea 3 verde) Miguel \u00c1ngel de Quevedo, donde podemos abordar, sobre avenida Universidad, el transporte RTP ruta 34-B con direcci\u00f3n al centro comercial Santa Fe y descender en la parada Iglesia que se encuentra sobre avenida R\u00edo Magdalena. Desde este punto caminar sobre la calle <strong>Iglesia<\/strong> hasta el eje 10 y continuar caminando hasta la intersecci\u00f3n con avenida Ciudad Universitaria, la cual nos dirige hacia el CFOP. Para ver la ruta completa del transporte RTP <a href=\"http:\/\/localhost\/cfoda\/wp-content\/uploads\/2023\/07\/RUTA-34B.pdf\" target=\"_blank\" rel=\"noopener noreferrer\">clic aqu\u00ed<\/a>.<\/p>\n<p>[\/et_pb_text][et_pb_code _builder_version=&#8221;4.16&#8243; _module_preset=&#8221;default&#8221; global_colors_info=&#8221;{}&#8221; theme_builder_area=&#8221;post_content&#8221;]<iframe src=\"https:\/\/www.google.com\/maps\/embed?pb=!1m28!1m12!1m3!1d7529.366605882136!2d-99.19547670826486!3d19.339544077679864!2m3!1f0!2f0!3f0!3m2!1i1024!2i768!4f13.1!4m13!3e3!4m5!1s0x85d1fffaef76138d%3A0x9e4d1505101d27f2!2sMetro%20Miguel%20%C3%81ngel%20de%20Quevedo%2C%20Oxtopulco%2C%20Ciudad%20de%20M%C3%A9xico%2C%20CDMX!3m2!1d19.3464751!2d-99.18088089999999!4m5!1s0x85cdfff8fc002477%3A0x3c8f3b4be8ef37ba!2sAv%20Cd%20Universitaria%20298%2C%20Jardines%20del%20Pedregal%2C%20%C3%81lvaro%20Obreg%C3%B3n%2C%2001900%20Ciudad%20de%20M%C3%A9xico%2C%20CDMX!3m2!1d19.3332837!2d-99.1978013!5e0!3m2!1ses!2smx!4v1690406192621!5m2!1ses!2smx\" width=\"1200\" height=\"450\" style=\"border:0;\" allowfullscreen=\"\" loading=\"lazy\" referrerpolicy=\"no-referrer-when-downgrade\"><\/iframe>[\/et_pb_code][et_pb_text _builder_version=&#8221;4.16&#8243; _module_preset=&#8221;default&#8221; text_font_size=&#8221;18px&#8221; global_colors_info=&#8221;{}&#8221; theme_builder_area=&#8221;post_content&#8221;][\/et_pb_text][\/et_pb_column][\/et_pb_row][\/et_pb_section]<\/p>\n","protected":false},"excerpt":{"rendered":"<p>Rutas y alternativas para llegar al CFOP\u00bfC\u00f3mo llego al CFOP en autom\u00f3vil? El Centro de Formaci\u00f3n y Profesionalizaci\u00f3n Docente (CFOP) de la UNAM se encuentra en Avenida Ciudad Universitaria 298, colonia Jardines del Pedregal, c\u00f3digo postal 01900 CDMX, rumbo a la salida a a San Jer\u00f3nimo. El CFOP no cuenta con estacionamiento, sin embargo, usted [&hellip;]<\/p>\n","protected":false},"author":3,"featured_media":0,"parent":0,"menu_order":0,"comment_status":"closed","ping_status":"closed","template":"","meta":{"_et_pb_use_builder":"on","_et_pb_old_content":"","_et_gb_content_width":"","footnotes":""},"class_list":["post-1724","page","type-page","status-publish","hentry"],"_links":{"self":[{"href":"https:\/\/cfop.ceide.unam.mx\/index.php\/wp-json\/wp\/v2\/pages\/1724","targetHints":{"allow":["GET"]}}],"collection":[{"href":"https:\/\/cfop.ceide.unam.mx\/index.php\/wp-json\/wp\/v2\/pages"}],"about":[{"href":"https:\/\/cfop.ceide.unam.mx\/index.php\/wp-json\/wp\/v2\/types\/page"}],"author":[{"embeddable":true,"href":"https:\/\/cfop.ceide.unam.mx\/index.php\/wp-json\/wp\/v2\/users\/3"}],"replies":[{"embeddable":true,"href":"https:\/\/cfop.ceide.unam.mx\/index.php\/wp-json\/wp\/v2\/comments?post=1724"}],"version-history":[{"count":4,"href":"https:\/\/cfop.ceide.unam.mx\/index.php\/wp-json\/wp\/v2\/pages\/1724\/revisions"}],"predecessor-version":[{"id":1730,"href":"https:\/\/cfop.ceide.unam.mx\/index.php\/wp-json\/wp\/v2\/pages\/1724\/revisions\/1730"}],"wp:attachment":[{"href":"https:\/\/cfop.ceide.unam.mx\/index.php\/wp-json\/wp\/v2\/media?parent=1724"}],"curies":[{"name":"wp","href":"https:\/\/api.w.org\/{rel}","templated":true}]}}