{"id":1755,"date":"2025-04-02T01:27:58","date_gmt":"2025-04-02T01:27:58","guid":{"rendered":"https:\/\/cfop.ceide.unam.mx\/?page_id=1755"},"modified":"2025-04-02T01:54:44","modified_gmt":"2025-04-02T01:54:44","slug":"jornadas-salud-mental-del-profesorado","status":"publish","type":"page","link":"https:\/\/cfop.ceide.unam.mx\/index.php\/jornadas-salud-mental-del-profesorado\/","title":{"rendered":"jornadas-salud-mental-del-profesorado"},"content":{"rendered":"<p>[et_pb_section fb_built=&#8221;1&#8243; admin_label=&#8221;Header Section&#8221; _builder_version=&#8221;4.16&#8243; background_enable_color=&#8221;off&#8221; background_position=&#8221;top_center&#8221; custom_padding=&#8221;5%|0px|100px|0px|false|false&#8221; locked=&#8221;off&#8221; global_colors_info=&#8221;{}&#8221;][et_pb_row custom_padding_last_edited=&#8221;off|desktop&#8221; admin_label=&#8221;Header Row&#8221; _builder_version=&#8221;4.27.2&#8243; background_size=&#8221;initial&#8221; background_position=&#8221;top_left&#8221; background_repeat=&#8221;repeat&#8221; custom_margin=&#8221;|||&#8221; custom_padding=&#8221;|||&#8221; custom_padding_phone=&#8221;3vw|||&#8221; global_colors_info=&#8221;{}&#8221;][et_pb_column type=&#8221;4_4&#8243; _builder_version=&#8221;4.27.2&#8243; background_color=&#8221;#FFFFFF&#8221; custom_padding=&#8221;|||&#8221; global_colors_info=&#8221;{}&#8221; custom_padding__hover=&#8221;|||&#8221;][et_pb_divider color=&#8221;#ca9c1d&#8221; divider_weight=&#8221;3px&#8221; _builder_version=&#8221;4.16&#8243; _module_preset=&#8221;default&#8221; max_width=&#8221;150px&#8221; module_alignment=&#8221;center&#8221; global_colors_info=&#8221;{}&#8221;][\/et_pb_divider][et_pb_text admin_label=&#8221;Heading &#038; Subheading&#8221; _builder_version=&#8221;4.16&#8243; text_font=&#8221;||||||||&#8221; text_font_size=&#8221;20px&#8221; text_line_height=&#8221;1.8em&#8221; header_font=&#8221;||||||||&#8221; header_font_size=&#8221;46px&#8221; header_line_height=&#8221;1.4em&#8221; header_2_font=&#8221;||||||||&#8221; text_orientation=&#8221;center&#8221; max_width=&#8221;800px&#8221; max_width_last_edited=&#8221;off|desktop&#8221; module_alignment=&#8221;center&#8221; custom_margin=&#8221;|||&#8221; custom_padding=&#8221;|||&#8221; custom_padding_last_edited=&#8221;off|desktop&#8221; animation_style=&#8221;fade&#8221; header_font_size_tablet=&#8221;&#8221; header_font_size_phone=&#8221;50px&#8221; header_font_size_last_edited=&#8221;on|desktop&#8221; global_colors_info=&#8221;{}&#8221;]<\/p>\n<h1>Conferencias<\/h1>\n<h2>D\u00eda de la salud mental del profesorado universitario<\/h2>\n<p>[\/et_pb_text][\/et_pb_column][\/et_pb_row][et_pb_row column_structure=&#8221;1_2,1_2&#8243; use_custom_gutter=&#8221;on&#8221; gutter_width=&#8221;1&#8243; make_equal=&#8221;on&#8221; admin_label=&#8221;Case Study Row&#8221; _builder_version=&#8221;4.16&#8243; global_colors_info=&#8221;{}&#8221;][et_pb_column type=&#8221;1_2&#8243; _builder_version=&#8221;4.16&#8243; custom_padding=&#8221;|||&#8221; global_colors_info=&#8221;{}&#8221; custom_padding__hover=&#8221;|||&#8221;][et_pb_image src=&#8221;https:\/\/cfop.ceide.unam.mx\/wp-content\/uploads\/2025\/04\/CartelSM2024.png&#8221; title_text=&#8221;CartelSM2024&#8243; _builder_version=&#8221;4.16&#8243; _module_preset=&#8221;default&#8221; global_colors_info=&#8221;{}&#8221;][\/et_pb_image][\/et_pb_column][et_pb_column type=&#8221;1_2&#8243; _builder_version=&#8221;4.16&#8243; background_color=&#8221;#ffffff&#8221; custom_padding=&#8221;60px|60px|60px|60px&#8221; global_colors_info=&#8221;{}&#8221; custom_padding__hover=&#8221;|||&#8221;][et_pb_cta title=&#8221;D\u00eda de la salud mental del profesorado universitario 2024&#8243; button_url=&#8221;https:\/\/cfop.ceide.unam.mx\/index.php\/dia-de-la-salud-mental-de-las-y-los-docentes-universitarios-2024\/&#8221; button_text=&#8221;Ver&#8221; admin_label=&#8221;Title Paragraph &#038; CTA Button&#8221; _builder_version=&#8221;4.27.2&#8243; header_level=&#8221;h3&#8243; header_font=&#8221;||||||||&#8221; header_font_size=&#8221;26px&#8221; header_line_height=&#8221;1.4em&#8221; body_font=&#8221;||||||||&#8221; body_font_size=&#8221;16px&#8221; body_line_height=&#8221;1.8em&#8221; use_background_color=&#8221;off&#8221; custom_button=&#8221;on&#8221; button_text_size=&#8221;16px&#8221; button_text_color=&#8221;#ffffff&#8221; button_bg_color=&#8221;#ca9c1d&#8221; button_border_width=&#8221;10px&#8221; button_border_color=&#8221;#ca9c1d&#8221; button_border_radius=&#8221;0px&#8221; button_font=&#8221;|700|||||||&#8221; button_use_icon=&#8221;off&#8221; text_orientation=&#8221;left&#8221; background_layout=&#8221;light&#8221; custom_margin=&#8221;-65px||||false|false&#8221; custom_padding=&#8221;|||&#8221; button_border_radius_hover=&#8221;0px&#8221; global_colors_info=&#8221;{}&#8221; button_text_size__hover_enabled=&#8221;off&#8221; button_one_text_size__hover_enabled=&#8221;off&#8221; button_two_text_size__hover_enabled=&#8221;off&#8221; button_text_color__hover_enabled=&#8221;off&#8221; button_one_text_color__hover_enabled=&#8221;off&#8221; button_two_text_color__hover_enabled=&#8221;off&#8221; button_border_width__hover_enabled=&#8221;off&#8221; button_one_border_width__hover_enabled=&#8221;off&#8221; button_two_border_width__hover_enabled=&#8221;off&#8221; button_border_color__hover_enabled=&#8221;off&#8221; button_one_border_color__hover_enabled=&#8221;off&#8221; button_two_border_color__hover_enabled=&#8221;off&#8221; button_border_radius__hover_enabled=&#8221;on&#8221; button_border_radius__hover=&#8221;0px&#8221; button_one_border_radius__hover_enabled=&#8221;off&#8221; button_two_border_radius__hover_enabled=&#8221;off&#8221; button_letter_spacing__hover_enabled=&#8221;off&#8221; button_one_letter_spacing__hover_enabled=&#8221;off&#8221; button_two_letter_spacing__hover_enabled=&#8221;off&#8221; button_bg_color__hover_enabled=&#8221;off&#8221; button_one_bg_color__hover_enabled=&#8221;off&#8221; button_two_bg_color__hover_enabled=&#8221;off&#8221;]<\/p>\n<p style=\"text-align: justify;\">Evento organizado en el marco del D\u00eda de la Salud Mental con la finalidad de promover la educaci\u00f3n en salud mental, el autocuidado y el bienestar del profesorado universitario. La memoria contiene las conferencias <strong><em>Resiliencia en la docencia<\/em><\/strong> impartida por el Dr. Jos\u00e9 Germ\u00e1n Villela Vizcaya, <strong><em>El docente autista<\/em><\/strong> impartida por el Dr. Antoni Camprub\u00ed i Cano y <strong><em>Transitar mis emociones con el arte<\/em><\/strong> impartida por la Mtra. Nancy A. Galv\u00e1n Aguilar.<\/p>\n<p>[\/et_pb_cta][\/et_pb_column][\/et_pb_row][et_pb_row column_structure=&#8221;1_2,1_2&#8243; use_custom_gutter=&#8221;on&#8221; gutter_width=&#8221;1&#8243; make_equal=&#8221;on&#8221; admin_label=&#8221;Case Study Row&#8221; _builder_version=&#8221;4.16&#8243; global_colors_info=&#8221;{}&#8221;][et_pb_column type=&#8221;1_2&#8243; _builder_version=&#8221;4.16&#8243; background_color=&#8221;#ffffff&#8221; custom_padding=&#8221;60px|60px|60px|60px&#8221; global_colors_info=&#8221;{}&#8221; custom_padding__hover=&#8221;|||&#8221;][et_pb_cta title=&#8221;D\u00eda de la salud mental del profesorado universitario 2023&#8243; button_url=&#8221;https:\/\/cfop.ceide.unam.mx\/index.php\/dia-de-la-salud-mental-de-las-y-los-docentes-universitarios-2023\/&#8221; button_text=&#8221;Ver&#8221; admin_label=&#8221;Title Paragraph &#038; CTA Button&#8221; _builder_version=&#8221;4.27.2&#8243; header_level=&#8221;h3&#8243; header_font=&#8221;||||||||&#8221; header_font_size=&#8221;26px&#8221; header_line_height=&#8221;1.4em&#8221; body_font=&#8221;||||||||&#8221; body_font_size=&#8221;16px&#8221; body_line_height=&#8221;1.8em&#8221; use_background_color=&#8221;off&#8221; custom_button=&#8221;on&#8221; button_text_size=&#8221;16px&#8221; button_text_color=&#8221;#ffffff&#8221; button_bg_color=&#8221;#ca9c1d&#8221; button_border_width=&#8221;10px&#8221; button_border_color=&#8221;#ca9c1d&#8221; button_border_radius=&#8221;0px&#8221; button_font=&#8221;|700|||||||&#8221; button_use_icon=&#8221;off&#8221; text_orientation=&#8221;left&#8221; background_layout=&#8221;light&#8221; min_height=&#8221;414px&#8221; custom_margin=&#8221;-75px||||false|false&#8221; custom_padding=&#8221;|||&#8221; hover_enabled=&#8221;0&#8243; button_border_radius_hover=&#8221;0px&#8221; global_colors_info=&#8221;{}&#8221; button_text_size__hover_enabled=&#8221;off&#8221; button_one_text_size__hover_enabled=&#8221;off&#8221; button_two_text_size__hover_enabled=&#8221;off&#8221; button_text_color__hover_enabled=&#8221;off&#8221; button_one_text_color__hover_enabled=&#8221;off&#8221; button_two_text_color__hover_enabled=&#8221;off&#8221; button_border_width__hover_enabled=&#8221;off&#8221; button_one_border_width__hover_enabled=&#8221;off&#8221; button_two_border_width__hover_enabled=&#8221;off&#8221; button_border_color__hover_enabled=&#8221;off&#8221; button_one_border_color__hover_enabled=&#8221;off&#8221; button_two_border_color__hover_enabled=&#8221;off&#8221; button_border_radius__hover_enabled=&#8221;on&#8221; button_border_radius__hover=&#8221;0px&#8221; button_one_border_radius__hover_enabled=&#8221;off&#8221; button_two_border_radius__hover_enabled=&#8221;off&#8221; button_letter_spacing__hover_enabled=&#8221;off&#8221; button_one_letter_spacing__hover_enabled=&#8221;off&#8221; button_two_letter_spacing__hover_enabled=&#8221;off&#8221; button_bg_color__hover_enabled=&#8221;off&#8221; button_one_bg_color__hover_enabled=&#8221;off&#8221; button_two_bg_color__hover_enabled=&#8221;off&#8221; sticky_enabled=&#8221;0&#8243;]<\/p>\n<p style=\"text-align: justify;\">Evento organizado en el marco del D\u00eda de la Salud Mental que promueve la educaci\u00f3n en salud mental para facilitar el autocuidado y el bienestar del profesorado universitario. La memoria contiene las conferencias impartidas\u00a0&#8220;<strong>Felicidad en la actividad docente<\/strong>&#8221; por el Dr. Eduardo Calixto Gonz\u00e1lez &#8220;<strong>Ansiedad y depresi\u00f3n en el profesorado universitario<\/strong>&#8221; impartida por la Psiq. Den\u00ed \u00c1lvarez Icaza Gonz\u00e1lez, &#8220;<strong>Tratamiento de los trastornos ps\u00edquicos<\/strong>&#8221; impartida por la Mtra. Cintia Melissa Salas Berm\u00fadez y &#8220;<strong>Atenci\u00f3n plena o &#8220;mindfulness para el autocuidado docente<\/strong>&#8221; impartida por la Dra. Alejandra Echeverr\u00eda Lozano y &#8220;<strong>El estudio cient\u00edfico de la gratitud y sus aplicaciones en la docencia<\/strong>&#8221; impartida por el Mtro. Guillermo Mart\u00ednez Cuevas.<\/p>\n<p>[\/et_pb_cta][\/et_pb_column][et_pb_column type=&#8221;1_2&#8243; _builder_version=&#8221;4.16&#8243; custom_padding=&#8221;|||&#8221; global_colors_info=&#8221;{}&#8221; custom_padding__hover=&#8221;|||&#8221;][et_pb_image src=&#8221;https:\/\/cfop.ceide.unam.mx\/wp-content\/uploads\/2025\/04\/SaludMental2023-1.jpg&#8221; title_text=&#8221;SaludMental2023&#8243; align_tablet=&#8221;center&#8221; align_phone=&#8221;&#8221; align_last_edited=&#8221;on|desktop&#8221; _builder_version=&#8221;4.16&#8243; global_colors_info=&#8221;{}&#8221;][\/et_pb_image][et_pb_image title_text=&#8221;pexels-nataliya-vaitkevich-6837644&#8243; align_tablet=&#8221;center&#8221; align_phone=&#8221;&#8221; align_last_edited=&#8221;on|desktop&#8221; _builder_version=&#8221;4.16&#8243; global_colors_info=&#8221;{}&#8221;][\/et_pb_image][\/et_pb_column][\/et_pb_row][et_pb_row column_structure=&#8221;1_2,1_2&#8243; use_custom_gutter=&#8221;on&#8221; gutter_width=&#8221;1&#8243; make_equal=&#8221;on&#8221; admin_label=&#8221;Case Study Row&#8221; _builder_version=&#8221;4.16&#8243; global_colors_info=&#8221;{}&#8221;][et_pb_column type=&#8221;1_2&#8243; _builder_version=&#8221;4.16&#8243; custom_padding=&#8221;|||&#8221; global_colors_info=&#8221;{}&#8221; custom_padding__hover=&#8221;|||&#8221;][et_pb_image src=&#8221;https:\/\/cfop.ceide.unam.mx\/wp-content\/uploads\/2025\/04\/SaludMental2022-1.jpg&#8221; title_text=&#8221;SaludMental2022&#8243; _builder_version=&#8221;4.16&#8243; _module_preset=&#8221;default&#8221; global_colors_info=&#8221;{}&#8221;][\/et_pb_image][\/et_pb_column][et_pb_column type=&#8221;1_2&#8243; _builder_version=&#8221;4.16&#8243; background_color=&#8221;#ffffff&#8221; custom_padding=&#8221;60px|60px|60px|60px&#8221; global_colors_info=&#8221;{}&#8221; custom_padding__hover=&#8221;|||&#8221;][et_pb_cta title=&#8221;D\u00eda de la salud mental del profesorado universitario 2022&#8243; button_url=&#8221;https:\/\/cfop.ceide.unam.mx\/index.php\/dia-de-la-salud-mental-de-las-y-los-docentes-universitarios-2022\/&#8221; button_text=&#8221;Ver&#8221; admin_label=&#8221;Title Paragraph &#038; CTA Button&#8221; _builder_version=&#8221;4.27.2&#8243; header_level=&#8221;h3&#8243; header_font=&#8221;||||||||&#8221; header_font_size=&#8221;26px&#8221; header_line_height=&#8221;1.4em&#8221; body_font=&#8221;||||||||&#8221; body_font_size=&#8221;16px&#8221; body_line_height=&#8221;1.8em&#8221; use_background_color=&#8221;off&#8221; custom_button=&#8221;on&#8221; button_text_size=&#8221;16px&#8221; button_text_color=&#8221;#ffffff&#8221; button_bg_color=&#8221;#ca9c1d&#8221; button_border_width=&#8221;10px&#8221; button_border_color=&#8221;#ca9c1d&#8221; button_border_radius=&#8221;0px&#8221; button_font=&#8221;|700|||||||&#8221; button_use_icon=&#8221;off&#8221; text_orientation=&#8221;left&#8221; background_layout=&#8221;light&#8221; custom_margin=&#8221;-65px||||false|false&#8221; custom_padding=&#8221;|||&#8221; hover_enabled=&#8221;0&#8243; button_border_radius_hover=&#8221;0px&#8221; global_colors_info=&#8221;{}&#8221; button_text_size__hover_enabled=&#8221;off&#8221; button_one_text_size__hover_enabled=&#8221;off&#8221; button_two_text_size__hover_enabled=&#8221;off&#8221; button_text_color__hover_enabled=&#8221;off&#8221; button_one_text_color__hover_enabled=&#8221;off&#8221; button_two_text_color__hover_enabled=&#8221;off&#8221; button_border_width__hover_enabled=&#8221;off&#8221; button_one_border_width__hover_enabled=&#8221;off&#8221; button_two_border_width__hover_enabled=&#8221;off&#8221; button_border_color__hover_enabled=&#8221;off&#8221; button_one_border_color__hover_enabled=&#8221;off&#8221; button_two_border_color__hover_enabled=&#8221;off&#8221; button_border_radius__hover_enabled=&#8221;on&#8221; button_border_radius__hover=&#8221;0px&#8221; button_one_border_radius__hover_enabled=&#8221;off&#8221; button_two_border_radius__hover_enabled=&#8221;off&#8221; button_letter_spacing__hover_enabled=&#8221;off&#8221; button_one_letter_spacing__hover_enabled=&#8221;off&#8221; button_two_letter_spacing__hover_enabled=&#8221;off&#8221; button_bg_color__hover_enabled=&#8221;off&#8221; button_one_bg_color__hover_enabled=&#8221;off&#8221; button_two_bg_color__hover_enabled=&#8221;off&#8221; sticky_enabled=&#8221;0&#8243;]<\/p>\n<p style=\"text-align: justify;\">Evento organizado en el marco del D\u00eda de la Salud Mental para facilitar el autocuidado y el bienestar del profesorado universitario tomando en consideraci\u00f3n que la docencia es potencialmente riesgosa para la salud mental, seg\u00fan la Organizaci\u00f3n Internacional del Trabajo. La memoria contiene las conferencias <strong><em>Salud mental docente<\/em><\/strong> impartida por la Dra. Sara Unda Rojas, <strong><em>Manejando el estr\u00e9s<\/em><\/strong> impartida por la Mtra. Melissa Salas Berm\u00fadez, <strong><em>Yo docente \u00bfcu\u00e1ndo acudir a un especialista en salud mental?<\/em><\/strong> impartida por la Dra. Ingrid Vargas Huicochea y el panel de profesores especialistas que abordan el tema de <em><strong>\u00bfC\u00f3mo cuidar la salud mental de los docentes?<\/strong><\/em><\/p>\n<p>[\/et_pb_cta][\/et_pb_column][\/et_pb_row][\/et_pb_section]<\/p>\n","protected":false},"excerpt":{"rendered":"<p>Conferencias D\u00eda de la salud mental del profesorado universitarioEvento organizado en el marco del D\u00eda de la Salud Mental con la finalidad de promover la educaci\u00f3n en salud mental, el autocuidado y el bienestar del profesorado universitario. La memoria contiene las conferencias Resiliencia en la docencia impartida por el Dr. Jos\u00e9 Germ\u00e1n Villela Vizcaya, El [&hellip;]<\/p>\n","protected":false},"author":3,"featured_media":0,"parent":0,"menu_order":0,"comment_status":"closed","ping_status":"closed","template":"","meta":{"_et_pb_use_builder":"on","_et_pb_old_content":"<!-- wp:divi\/placeholder \/-->","_et_gb_content_width":"","footnotes":""},"class_list":["post-1755","page","type-page","status-publish","hentry"],"_links":{"self":[{"href":"https:\/\/cfop.ceide.unam.mx\/index.php\/wp-json\/wp\/v2\/pages\/1755","targetHints":{"allow":["GET"]}}],"collection":[{"href":"https:\/\/cfop.ceide.unam.mx\/index.php\/wp-json\/wp\/v2\/pages"}],"about":[{"href":"https:\/\/cfop.ceide.unam.mx\/index.php\/wp-json\/wp\/v2\/types\/page"}],"author":[{"embeddable":true,"href":"https:\/\/cfop.ceide.unam.mx\/index.php\/wp-json\/wp\/v2\/users\/3"}],"replies":[{"embeddable":true,"href":"https:\/\/cfop.ceide.unam.mx\/index.php\/wp-json\/wp\/v2\/comments?post=1755"}],"version-history":[{"count":7,"href":"https:\/\/cfop.ceide.unam.mx\/index.php\/wp-json\/wp\/v2\/pages\/1755\/revisions"}],"predecessor-version":[{"id":1778,"href":"https:\/\/cfop.ceide.unam.mx\/index.php\/wp-json\/wp\/v2\/pages\/1755\/revisions\/1778"}],"wp:attachment":[{"href":"https:\/\/cfop.ceide.unam.mx\/index.php\/wp-json\/wp\/v2\/media?parent=1755"}],"curies":[{"name":"wp","href":"https:\/\/api.w.org\/{rel}","templated":true}]}}