{"id":504,"date":"2024-09-30T18:07:41","date_gmt":"2024-09-30T18:07:41","guid":{"rendered":"http:\/\/localhost\/cfop\/?page_id=504"},"modified":"2025-01-16T22:44:03","modified_gmt":"2025-01-16T22:44:03","slug":"oferta-academica","status":"publish","type":"page","link":"https:\/\/cfop.ceide.unam.mx\/index.php\/oferta-academica\/","title":{"rendered":"oferta acad\u00e9mica"},"content":{"rendered":"<p>[et_pb_section fb_built=&#8221;1&#8243; _builder_version=&#8221;4.27.0&#8243; _module_preset=&#8221;default&#8221; global_colors_info=&#8221;{}&#8221;][et_pb_row _builder_version=&#8221;4.27.0&#8243; _module_preset=&#8221;default&#8221; animation_style=&#8221;slide&#8221; animation_direction=&#8221;bottom&#8221; animation_duration=&#8221;800ms&#8221; animation_delay=&#8221;250ms&#8221; animation_intensity_slide=&#8221;10%&#8221; animation_starting_opacity=&#8221;10%&#8221; global_colors_info=&#8221;{}&#8221;][et_pb_column type=&#8221;4_4&#8243; _builder_version=&#8221;4.27.0&#8243; _module_preset=&#8221;default&#8221; background_enable_color=&#8221;off&#8221; global_colors_info=&#8221;{}&#8221;][et_pb_text _builder_version=&#8221;4.27.0&#8243; _module_preset=&#8221;default&#8221; global_colors_info=&#8221;{}&#8221;]<\/p>\n<h2 style=\"font-size: xx-large; font-family: Raleway; color: #0a1f43; text-align: center;\">Oferta Acad\u00e9mica<\/h2>\n<p>[\/et_pb_text][et_pb_code _builder_version=&#8221;4.27.0&#8243; _module_preset=&#8221;default&#8221; global_colors_info=&#8221;{}&#8221;]<\/p>\n<hr style=\"border: none; width: 100px; height: 3px; background-color: #d29b19; margin: 20px auto;\"><!-- [et_pb_line_break_holder] --><!-- [et_pb_line_break_holder] -->[\/et_pb_code][et_pb_text _builder_version=&#8221;4.27.0&#8243; _module_preset=&#8221;default&#8221; global_colors_info=&#8221;{}&#8221;]<\/p>\n<h2 style=\"font-size: x-large; font-family: Raleway; color: #666666; text-align: center;\">El Centro de Formaci\u00f3n y Profesionalizaci\u00f3n Docente de la UNAM pone a disposici\u00f3n del profesorado universitario su oferta de actividades de formaci\u00f3n y profesionalizaci\u00f3n en los siguientes programas:<\/h2>\n<p>[\/et_pb_text][\/et_pb_column][\/et_pb_row][et_pb_row column_structure=&#8221;1_2,1_2&#8243; use_custom_gutter=&#8221;on&#8221; gutter_width=&#8221;1&#8243; make_equal=&#8221;on&#8221; module_class=&#8221;dc-two-col&#8221; _builder_version=&#8221;4.27.2&#8243; _module_preset=&#8221;default&#8221; background_color=&#8221;#dfd897&#8243; z_index=&#8221;0&#8243; module_alignment=&#8221;center&#8221; custom_margin=&#8221;||||false|false&#8221; custom_padding=&#8221;0px|0px|0px|0px|true|false&#8221; animation_style=&#8221;slide&#8221; animation_delay=&#8221;250ms&#8221; animation_intensity_slide=&#8221;10%&#8221; animation_starting_opacity=&#8221;10%&#8221; custom_css_main_element=&#8221;margin: auto;&#8221; global_colors_info=&#8221;{}&#8221;][et_pb_column type=&#8221;1_2&#8243; _builder_version=&#8221;4.27.0&#8243; _module_preset=&#8221;default&#8221; background_enable_color=&#8221;off&#8221; global_colors_info=&#8221;{}&#8221;][et_pb_image src=&#8221;http:\/\/localhost\/cfop\/wp-content\/uploads\/2024\/09\/oferta_academica_01.jpg&#8221; title_text=&#8221;oferta_academica_01&#8243; align=&#8221;center&#8221; module_class=&#8221;dc-image-fill&#8221; _builder_version=&#8221;4.27.2&#8243; _module_preset=&#8221;default&#8221; global_colors_info=&#8221;{}&#8221;][\/et_pb_image][\/et_pb_column][et_pb_column type=&#8221;1_2&#8243; _builder_version=&#8221;4.27.0&#8243; _module_preset=&#8221;default&#8221; background_enable_color=&#8221;off&#8221; global_colors_info=&#8221;{}&#8221;][et_pb_text _builder_version=&#8221;4.27.0&#8243; _module_preset=&#8221;default&#8221; text_font=&#8221;|600|||||||&#8221; text_text_color=&#8221;#0a1f43&#8243; text_line_height=&#8221;1.8em&#8221; text_orientation=&#8221;center&#8221; custom_padding=&#8221;2em|2em|2em|2em|true|true&#8221; global_colors_info=&#8221;{}&#8221;]<\/p>\n<p>Programa de Formaci\u00f3n Docente del CFOP<\/p>\n<p>[\/et_pb_text][et_pb_text _builder_version=&#8221;4.27.2&#8243; _module_preset=&#8221;default&#8221; text_orientation=&#8221;center&#8221; custom_margin=&#8221;||40px|||&#8221; hover_enabled=&#8221;0&#8243; global_colors_info=&#8221;{}&#8221; sticky_enabled=&#8221;0&#8243;]<a href=\"https:\/\/cfop.ceide.unam.mx\/index.php\/oferta-academica-cfop\/\" class=\"btn-slide-left-azul\" style=\"font-size: 24px;\">Ver oferta<\/a>[\/et_pb_text][\/et_pb_column][\/et_pb_row][et_pb_row column_structure=&#8221;1_2,1_2&#8243; use_custom_gutter=&#8221;on&#8221; gutter_width=&#8221;1&#8243; make_equal=&#8221;on&#8221; module_class=&#8221;dc-two-col&#8221; _builder_version=&#8221;4.27.2&#8243; _module_preset=&#8221;default&#8221; background_color=&#8221;#0a1f43&#8243; module_alignment=&#8221;center&#8221; custom_margin=&#8221;60px||||false|false&#8221; custom_padding=&#8221;0px|0px|0px|0px|true|false&#8221; animation_style=&#8221;slide&#8221; animation_direction=&#8221;bottom&#8221; animation_delay=&#8221;250ms&#8221; animation_intensity_slide=&#8221;10%&#8221; animation_starting_opacity=&#8221;10%&#8221; hover_enabled=&#8221;0&#8243; global_colors_info=&#8221;{}&#8221; sticky_enabled=&#8221;0&#8243;][et_pb_column type=&#8221;1_2&#8243; _builder_version=&#8221;4.27.0&#8243; _module_preset=&#8221;default&#8221; background_enable_color=&#8221;off&#8221; global_colors_info=&#8221;{}&#8221;][et_pb_text _builder_version=&#8221;4.27.0&#8243; _module_preset=&#8221;default&#8221; text_font=&#8221;|600|||||||&#8221; text_text_color=&#8221;#FFFFFF&#8221; text_line_height=&#8221;1.8em&#8221; text_orientation=&#8221;center&#8221; custom_padding=&#8221;2em|2em|2em|2em|true|true&#8221; global_colors_info=&#8221;{}&#8221;]<\/p>\n<p>Programa de Formaci\u00f3n Docente del CFOP<\/p>\n<p>[\/et_pb_text][et_pb_text _builder_version=&#8221;4.27.0&#8243; _module_preset=&#8221;default&#8221; text_orientation=&#8221;center&#8221; custom_margin=&#8221;||40px|||&#8221; global_colors_info=&#8221;{}&#8221;]<a href=\"#\" class=\"btn-slide-left-dorado\" style=\"font-size: 24px;\">Ver oferta<\/a>[\/et_pb_text][\/et_pb_column][et_pb_column type=&#8221;1_2&#8243; _builder_version=&#8221;4.27.2&#8243; _module_preset=&#8221;default&#8221; hover_enabled=&#8221;0&#8243; global_colors_info=&#8221;{}&#8221; background_enable_color=&#8221;off&#8221; sticky_enabled=&#8221;0&#8243;][et_pb_image src=&#8221;http:\/\/localhost\/cfop\/wp-content\/uploads\/2024\/09\/oferta_academica_04.jpg&#8221; title_text=&#8221;oferta_academica_04&#8243; align=&#8221;center&#8221; module_class=&#8221;dc-image-fill&#8221; _builder_version=&#8221;4.27.0&#8243; _module_preset=&#8221;default&#8221; global_colors_info=&#8221;{}&#8221;][\/et_pb_image][\/et_pb_column][\/et_pb_row][et_pb_row column_structure=&#8221;1_2,1_2&#8243; use_custom_gutter=&#8221;on&#8221; gutter_width=&#8221;1&#8243; make_equal=&#8221;on&#8221; module_class=&#8221;dc-two-col&#8221; _builder_version=&#8221;4.27.0&#8243; _module_preset=&#8221;default&#8221; background_color=&#8221;#dfd897&#8243; module_alignment=&#8221;center&#8221; custom_margin=&#8221;60px||||false|false&#8221; custom_padding=&#8221;0px|0px|0px|0px|true|false&#8221; animation_direction=&#8221;bottom&#8221; global_colors_info=&#8221;{}&#8221;][et_pb_column type=&#8221;1_2&#8243; _builder_version=&#8221;4.27.0&#8243; _module_preset=&#8221;default&#8221; background_enable_color=&#8221;off&#8221; global_colors_info=&#8221;{}&#8221;][et_pb_image src=&#8221;http:\/\/localhost\/cfop\/wp-content\/uploads\/2024\/09\/oferta_academica_02.jpg&#8221; title_text=&#8221;oferta_academica_02&#8243; align=&#8221;center&#8221; module_class=&#8221;dc-image-fill&#8221; _builder_version=&#8221;4.27.0&#8243; _module_preset=&#8221;default&#8221; global_colors_info=&#8221;{}&#8221;][\/et_pb_image][\/et_pb_column][et_pb_column type=&#8221;1_2&#8243; _builder_version=&#8221;4.27.0&#8243; _module_preset=&#8221;default&#8221; background_enable_color=&#8221;off&#8221; global_colors_info=&#8221;{}&#8221;][et_pb_text _builder_version=&#8221;4.27.0&#8243; _module_preset=&#8221;default&#8221; text_font=&#8221;|600|||||||&#8221; text_text_color=&#8221;#0a1f43&#8243; text_line_height=&#8221;1.8em&#8221; text_orientation=&#8221;center&#8221; custom_padding=&#8221;2em|2em|2em|2em|true|true&#8221; global_colors_info=&#8221;{}&#8221;]<\/p>\n<p>Programa de Formaci\u00f3n Docente del CFOP<\/p>\n<p>[\/et_pb_text][et_pb_text _builder_version=&#8221;4.27.0&#8243; _module_preset=&#8221;default&#8221; text_orientation=&#8221;center&#8221; custom_margin=&#8221;||40px|||&#8221; global_colors_info=&#8221;{}&#8221;]<\/p>\n<p><a href=\"#\" class=\"btn-slide-left-azul\" style=\"font-size: 24px;\">Ver oferta<\/a><\/p>\n<p>[\/et_pb_text][\/et_pb_column][\/et_pb_row][et_pb_row _builder_version=&#8221;4.27.0&#8243; _module_preset=&#8221;default&#8221; global_colors_info=&#8221;{}&#8221;][et_pb_column type=&#8221;4_4&#8243; _builder_version=&#8221;4.27.0&#8243; _module_preset=&#8221;default&#8221; background_enable_color=&#8221;off&#8221; global_colors_info=&#8221;{}&#8221;][et_pb_code _builder_version=&#8221;4.27.0&#8243; _module_preset=&#8221;default&#8221; global_colors_info=&#8221;{}&#8221;]<\/p>\n<style><!-- [et_pb_line_break_holder] -->  .dc-two-col  {<!-- [et_pb_line_break_holder] -->    font-size: calc(1.5rem + ((1vw - 3.2px) * 0.5));<!-- [et_pb_line_break_holder] -->    min-height: 0vw;<!-- [et_pb_line_break_holder] -->  }<!-- [et_pb_line_break_holder] -->  <!-- [et_pb_line_break_holder] -->.dc-image-fill,<!-- [et_pb_line_break_holder] -->.dc-image-fill .et_pb_image_wrap,<!-- [et_pb_line_break_holder] -->.et_pb_image_wrap img {<!-- [et_pb_line_break_holder] --> height: 100%;<!-- [et_pb_line_break_holder] -->width: 100%;<!-- [et_pb_line_break_holder] -->}<!-- [et_pb_line_break_holder] -->.dc-image-fill img {<!-- [et_pb_line_break_holder] --> object-fit: cover;<!-- [et_pb_line_break_holder] -->}<!-- [et_pb_line_break_holder] -->  <!-- [et_pb_line_break_holder] --><\/style>\n<p>[\/et_pb_code][\/et_pb_column][\/et_pb_row][\/et_pb_section]<\/p>\n","protected":false},"excerpt":{"rendered":"<p>Oferta Acad\u00e9micaEl Centro de Formaci\u00f3n y Profesionalizaci\u00f3n Docente de la UNAM pone a disposici\u00f3n del profesorado universitario su oferta de actividades de formaci\u00f3n y profesionalizaci\u00f3n en los siguientes programas:Programa de Formaci\u00f3n Docente del CFOPVer ofertaPrograma de Formaci\u00f3n Docente del CFOPVer ofertaPrograma de Formaci\u00f3n Docente del CFOPVer oferta<\/p>\n","protected":false},"author":1,"featured_media":0,"parent":0,"menu_order":0,"comment_status":"closed","ping_status":"closed","template":"","meta":{"_et_pb_use_builder":"on","_et_pb_old_content":"","_et_gb_content_width":"","footnotes":""},"class_list":["post-504","page","type-page","status-publish","hentry"],"_links":{"self":[{"href":"https:\/\/cfop.ceide.unam.mx\/index.php\/wp-json\/wp\/v2\/pages\/504","targetHints":{"allow":["GET"]}}],"collection":[{"href":"https:\/\/cfop.ceide.unam.mx\/index.php\/wp-json\/wp\/v2\/pages"}],"about":[{"href":"https:\/\/cfop.ceide.unam.mx\/index.php\/wp-json\/wp\/v2\/types\/page"}],"author":[{"embeddable":true,"href":"https:\/\/cfop.ceide.unam.mx\/index.php\/wp-json\/wp\/v2\/users\/1"}],"replies":[{"embeddable":true,"href":"https:\/\/cfop.ceide.unam.mx\/index.php\/wp-json\/wp\/v2\/comments?post=504"}],"version-history":[{"count":41,"href":"https:\/\/cfop.ceide.unam.mx\/index.php\/wp-json\/wp\/v2\/pages\/504\/revisions"}],"predecessor-version":[{"id":768,"href":"https:\/\/cfop.ceide.unam.mx\/index.php\/wp-json\/wp\/v2\/pages\/504\/revisions\/768"}],"wp:attachment":[{"href":"https:\/\/cfop.ceide.unam.mx\/index.php\/wp-json\/wp\/v2\/media?parent=504"}],"curies":[{"name":"wp","href":"https:\/\/api.w.org\/{rel}","templated":true}]}}