{"id":941,"date":"2025-02-19T00:12:31","date_gmt":"2025-02-19T00:12:31","guid":{"rendered":"https:\/\/cfop.ceide.unam.mx\/?page_id=941"},"modified":"2025-02-19T00:22:38","modified_gmt":"2025-02-19T00:22:38","slug":"prueba-vic","status":"publish","type":"page","link":"https:\/\/cfop.ceide.unam.mx\/index.php\/prueba-vic\/","title":{"rendered":"prueba-vic"},"content":{"rendered":"<p>[et_pb_section fb_built=&#8221;1&#8243; _builder_version=&#8221;4.27.0&#8243; _module_preset=&#8221;default&#8221; global_colors_info=&#8221;{}&#8221;][et_pb_row _builder_version=&#8221;4.27.0&#8243; _module_preset=&#8221;default&#8221; animation_style=&#8221;slide&#8221; animation_direction=&#8221;bottom&#8221; animation_duration=&#8221;800ms&#8221; animation_delay=&#8221;250ms&#8221; animation_intensity_slide=&#8221;10%&#8221; animation_starting_opacity=&#8221;10%&#8221; global_colors_info=&#8221;{}&#8221;][et_pb_column type=&#8221;4_4&#8243; _builder_version=&#8221;4.27.0&#8243; _module_preset=&#8221;default&#8221; background_enable_color=&#8221;off&#8221; global_colors_info=&#8221;{}&#8221;][et_pb_text _builder_version=&#8221;4.27.2&#8243; _module_preset=&#8221;default&#8221; global_colors_info=&#8221;{}&#8221;]<\/p>\n<h2 style=\"font-size: xx-large; font-family: Raleway; color: #0a1f43; text-align: center;\">Misi\u00f3n, Visi\u00f3n y Valores<\/h2>\n<p>[\/et_pb_text][et_pb_code _builder_version=&#8221;4.27.0&#8243; _module_preset=&#8221;default&#8221; global_colors_info=&#8221;{}&#8221;]<\/p>\n<hr style=\"border: none; width: 100px; height: 3px; background-color: #d29b19; margin: 20px auto;\"><!-- [et_pb_line_break_holder] --><!-- [et_pb_line_break_holder] -->[\/et_pb_code][et_pb_text _builder_version=&#8221;4.27.0&#8243; _module_preset=&#8221;default&#8221; header_2_text_color=&#8221;#666666&#8243; custom_margin=&#8221;|-16px||-18px||&#8221; custom_padding=&#8221;|||0px||&#8221; global_colors_info=&#8221;{}&#8221;]<\/p>\n<h2 style=\"font-size: x-large; font-family: Raleway; color: #666666; text-align: center;\">Subdirecci\u00f3n del Centro de Formaci\u00f3n y Profesionalizaci\u00f3n para el Desarrollo Acad\u00e9mico<\/h2>\n<p>[\/et_pb_text][\/et_pb_column][\/et_pb_row][et_pb_row _builder_version=&#8221;4.27.0&#8243; _module_preset=&#8221;default&#8221; global_colors_info=&#8221;{}&#8221;][et_pb_column type=&#8221;4_4&#8243; _builder_version=&#8221;4.27.0&#8243; _module_preset=&#8221;default&#8221; background_enable_color=&#8221;off&#8221; global_colors_info=&#8221;{}&#8221;][et_pb_code _builder_version=&#8221;4.27.0&#8243; _module_preset=&#8221;default&#8221; global_colors_info=&#8221;{}&#8221;]<\/p>\n<style><!-- [et_pb_line_break_holder] -->\/* Descripcion  *\/<!-- [et_pb_line_break_holder] -->.divicon_hover .cargo { <!-- [et_pb_line_break_holder] -->    transform: translatey(30px);<!-- [et_pb_line_break_holder] -->    opacity: 0;<!-- [et_pb_line_break_holder] -->    transition: all .3s ease-in-out;<!-- [et_pb_line_break_holder] -->}<!-- [et_pb_line_break_holder] -->  <!-- [et_pb_line_break_holder] -->.divicon_hover:hover .cargo { <!-- [et_pb_line_break_holder] -->    transform: translatey(10px);<!-- [et_pb_line_break_holder] -->    opacity: 1;<!-- [et_pb_line_break_holder] -->    transition: all .3s ease-in-out;<!-- [et_pb_line_break_holder] -->}<!-- [et_pb_line_break_holder] --><!-- [et_pb_line_break_holder] -->\/* Titulo *\/  <!-- [et_pb_line_break_holder] -->.divicon_hover .titulo { <!-- [et_pb_line_break_holder] -->    transform: translatey(150px);<!-- [et_pb_line_break_holder] -->    transition: all .3s ease-in-out;<!-- [et_pb_line_break_holder] -->}<!-- [et_pb_line_break_holder] -->  <!-- [et_pb_line_break_holder] -->.divicon_hover:hover .titulo { <!-- [et_pb_line_break_holder] -->    transform: translatey(95px);<!-- [et_pb_line_break_holder] -->    transition: all .3s ease-in-out;<!-- [et_pb_line_break_holder] -->}<!-- [et_pb_line_break_holder] -->  <!-- [et_pb_line_break_holder] -->  <!-- [et_pb_line_break_holder] --><!-- [et_pb_line_break_holder] --><\/style>\n<p>[\/et_pb_code][et_pb_text _builder_version=&#8221;4.27.2&#8243; _module_preset=&#8221;default&#8221; hover_enabled=&#8221;0&#8243; global_colors_info=&#8221;{}&#8221; sticky_enabled=&#8221;0&#8243;]<a href=\"#\" class=\"btn-slide-left-dorado\" style=\"font-size: 24px;\">Ver oferta<\/a><\/p>\n<p><a href=\"#\" class=\"btn-slide-left-azul\" style=\"font-size: 24px;\">Bot\u00f3n prueba<\/a><br \/>\n[\/et_pb_text][\/et_pb_column][\/et_pb_row][\/et_pb_section]<\/p>\n","protected":false},"excerpt":{"rendered":"<p>Misi\u00f3n, Visi\u00f3n y ValoresSubdirecci\u00f3n del Centro de Formaci\u00f3n y Profesionalizaci\u00f3n para el Desarrollo Acad\u00e9micoVer oferta Bot\u00f3n prueba<\/p>\n","protected":false},"author":3,"featured_media":0,"parent":0,"menu_order":0,"comment_status":"closed","ping_status":"closed","template":"","meta":{"_et_pb_use_builder":"on","_et_pb_old_content":"<!-- wp:divi\/placeholder \/-->","_et_gb_content_width":"","footnotes":""},"class_list":["post-941","page","type-page","status-publish","hentry"],"_links":{"self":[{"href":"https:\/\/cfop.ceide.unam.mx\/index.php\/wp-json\/wp\/v2\/pages\/941","targetHints":{"allow":["GET"]}}],"collection":[{"href":"https:\/\/cfop.ceide.unam.mx\/index.php\/wp-json\/wp\/v2\/pages"}],"about":[{"href":"https:\/\/cfop.ceide.unam.mx\/index.php\/wp-json\/wp\/v2\/types\/page"}],"author":[{"embeddable":true,"href":"https:\/\/cfop.ceide.unam.mx\/index.php\/wp-json\/wp\/v2\/users\/3"}],"replies":[{"embeddable":true,"href":"https:\/\/cfop.ceide.unam.mx\/index.php\/wp-json\/wp\/v2\/comments?post=941"}],"version-history":[{"count":4,"href":"https:\/\/cfop.ceide.unam.mx\/index.php\/wp-json\/wp\/v2\/pages\/941\/revisions"}],"predecessor-version":[{"id":947,"href":"https:\/\/cfop.ceide.unam.mx\/index.php\/wp-json\/wp\/v2\/pages\/941\/revisions\/947"}],"wp:attachment":[{"href":"https:\/\/cfop.ceide.unam.mx\/index.php\/wp-json\/wp\/v2\/media?parent=941"}],"curies":[{"name":"wp","href":"https:\/\/api.w.org\/{rel}","templated":true}]}}